{"id":6815,"date":"2020-03-02T19:16:19","date_gmt":"2020-03-03T00:16:19","guid":{"rendered":"https:\/\/moveup.website\/virtual\/?page_id=6815"},"modified":"2023-08-17T10:24:56","modified_gmt":"2023-08-17T15:24:56","slug":"validacion-de-certificados","status":"publish","type":"page","link":"https:\/\/moveup.website\/virtual\/certifications\/validacion-de-certificados\/","title":{"rendered":"Validaci\u00f3n de Certificados"},"content":{"rendered":"\t\t<div data-elementor-type=\"wp-page\" data-elementor-id=\"6815\" class=\"elementor elementor-6815\" data-elementor-post-type=\"page\">\n\t\t\t\t\t\t<section data-particle_enable=\"false\" data-particle-mobile-disabled=\"false\" class=\"elementor-section elementor-top-section elementor-element elementor-element-23f0200 elementor-section-boxed elementor-section-height-default elementor-section-height-default\" data-id=\"23f0200\" data-element_type=\"section\">\n\t\t\t\t\t\t<div class=\"elementor-container elementor-column-gap-default\">\n\t\t\t\t\t<div class=\"elementor-column elementor-col-100 elementor-top-column elementor-element elementor-element-09360da\" data-id=\"09360da\" data-element_type=\"column\">\n\t\t\t<div class=\"elementor-widget-wrap elementor-element-populated\">\n\t\t\t\t\t\t<div class=\"elementor-element elementor-element-2a63ae9 elementor-widget elementor-widget-heading\" data-id=\"2a63ae9\" data-element_type=\"widget\" data-widget_type=\"heading.default\">\n\t\t\t\t<div class=\"elementor-widget-container\">\n\t\t\t\t\t<h2 class=\"elementor-heading-title elementor-size-default\">Proceso de validaci\u00f3n de certificados<\/h2>\t\t\t\t<\/div>\n\t\t\t\t<\/div>\n\t\t\t\t<div class=\"elementor-element elementor-element-bc8f5ca elementor-widget elementor-widget-text-editor\" data-id=\"bc8f5ca\" data-element_type=\"widget\" data-widget_type=\"text-editor.default\">\n\t\t\t\t<div class=\"elementor-widget-container\">\n\t\t\t\t\t\t\t\t\t<p>A trav\u00e9s de este m\u00f3dulo cualquier persona, empresa o instituci\u00f3n puede verificar la validez de tu certificaci\u00f3n. Los certificados digitales se emiten formato PDF encriptado digitalmente para evitar su falsificaci\u00f3n, adicionalmente cuentan con un ID para ser validados en nuestra plataforma a trav\u00e9s de \u00e9ste formulario lo cual le a\u00f1ade una capa extra de seguridad.<\/p>\t\t\t\t\t\t\t\t<\/div>\n\t\t\t\t<\/div>\n\t\t\t\t<div class=\"elementor-element elementor-element-e32ed7c eael-fluentform-form-button-custom eael-ff-step-header-yes eael-ff-step-progressbar-yes elementor-widget elementor-widget-eael-fluentform\" data-id=\"e32ed7c\" data-element_type=\"widget\" data-widget_type=\"eael-fluentform.default\">\n\t\t\t\t<div class=\"elementor-widget-container\">\n\t\t\t\t\t        <div class=\"eael-contact-form eael-fluent-form-wrapper clearfix eael-contact-form-align-default eael-fluent-form-subscription\">\n\n            \n            <div class='fluentform ff-default fluentform_wrapper_6 ffs_default_wrap'><form data-form_id=\"6\" id=\"fluentform_6\" class=\"frm-fluent-form fluent_form_6 ff-el-form-top ff_form_instance_6_1 ff-form-loading ffs_default\" data-form_instance=\"ff_form_instance_6_1\" method=\"POST\" ><fieldset  style=\"border: none!important;margin: 0!important;padding: 0!important;background-color: transparent!important;box-shadow: none!important;outline: none!important; min-inline-size: 100%;\">\n                    <legend class=\"ff_screen_reader_title\" style=\"display: block; margin: 0!important;padding: 0!important;height: 0!important;text-indent: -999999px;width: 0!important;overflow:hidden;\">Validar Certificado<\/legend>        <span style=\"display: none !important;\"><input type=\"checkbox\"\n                name=\"item__6__fluent_checkme_\"\n                value=\"1\" style=\"display:none !important;\" tabindex=\"-1\" aria-hidden=\"true\"><\/span>\n        <input type='hidden' name='__fluent_form_embded_post_id' value='6815' \/><input type=\"hidden\" id=\"_fluentform_6_fluentformnonce\" name=\"_fluentform_6_fluentformnonce\" value=\"85c4958951\" \/><input type=\"hidden\" name=\"_wp_http_referer\" value=\"\/virtual\/wp-json\/wp\/v2\/pages\/6815\" \/><div data-name=\"ff_cn_id_1\"  class='ff-t-container ff-column-container ff_columns_total_2  '><div class='ff-t-cell ff-t-column-1' style='flex-basis: 50%;'><div class='ff-el-group'><div class=\"ff-el-input--label asterisk-right\"><label for='ff_6_id' aria-label=\"ID\">ID<\/label><\/div><div class='ff-el-input--content'><input type=\"text\" name=\"id\" class=\"ff-el-form-control\" placeholder=\"Ingrese el ID de Certificado Digital\" data-name=\"id\" id=\"ff_6_id\"  aria-invalid=\"false\" aria-required=false><\/div><\/div><\/div><div class='ff-t-cell ff-t-column-2' style='flex-basis: 50%;'><div class='ff-el-group ff-text-center ff_submit_btn_wrapper ff_submit_btn_wrapper_custom'><button class=\"ff-btn ff-btn-submit ff-btn-lg ff_btn_style wpf_has_custom_css\" type=\"submit\" name=\"custom_submit_button-6_1\" data-name=\"custom_submit_button-6_1\" >Verificar Certificado Digital<\/button><style>form.fluent_form_6 .wpf_has_custom_css.ff-btn-submit { background-color:#409EFF;border-color:#409EFF;color:#ffffff;min-width:100%; }form.fluent_form_6 .wpf_has_custom_css.ff-btn-submit:hover { background-color:#ffffff;border-color:#409EFF;color:#409EFF;min-width:100%; } <\/style><\/div><\/div><\/div><\/fieldset><\/form><div id='fluentform_6_errors' class='ff-errors-in-stack ff_form_instance_6_1 ff-form-loading_errors ff_form_instance_6_1_errors'><\/div><\/div>        <script type=\"text\/javascript\">\n            window.fluent_form_ff_form_instance_6_1 = {\"id\":\"6\",\"settings\":{\"layout\":{\"labelPlacement\":\"top\",\"helpMessagePlacement\":\"with_label\",\"errorMessagePlacement\":\"inline\",\"asteriskPlacement\":\"asterisk-right\"},\"restrictions\":{\"denyEmptySubmission\":{\"enabled\":false}}},\"form_instance\":\"ff_form_instance_6_1\",\"form_id_selector\":\"fluentform_6\",\"rules\":{\"id\":{\"required\":{\"value\":false,\"message\":\"This field is required\"}}},\"debounce_time\":300};\n                    <\/script>\n                <\/div>\n\n        \t\t\t\t<\/div>\n\t\t\t\t<\/div>\n\t\t\t\t<div class=\"elementor-element elementor-element-6137859 elementor-widget elementor-widget-text-editor\" data-id=\"6137859\" data-element_type=\"widget\" data-widget_type=\"text-editor.default\">\n\t\t\t\t<div class=\"elementor-widget-container\">\n\t\t\t\t\t\t\t\t\t<p>Si el ID del certificado es correcto ver\u00e1s una copia de \u00e9l con el nombre de la persona y su DNI. De ser incorrecto ser\u00e1 redigirido a una p\u00e1gina de error.<\/p>\t\t\t\t\t\t\t\t<\/div>\n\t\t\t\t<\/div>\n\t\t\t\t\t<\/div>\n\t\t<\/div>\n\t\t\t\t\t<\/div>\n\t\t<\/section>\n\t\t\t\t<\/div>\n\t\t","protected":false},"excerpt":{"rendered":"<p>Proceso de validaci\u00f3n de certificados A trav\u00e9s de este m\u00f3dulo cualquier persona, empresa o instituci\u00f3n puede verificar la validez de tu certificaci\u00f3n. Los certificados digitales se emiten formato PDF encriptado digitalmente para evitar su falsificaci\u00f3n, adicionalmente cuentan con un ID para ser validados en nuestra plataforma a trav\u00e9s de \u00e9ste formulario lo cual le a\u00f1ade [&hellip;]<\/p>\n","protected":false},"author":1,"featured_media":5534,"parent":6833,"menu_order":0,"comment_status":"closed","ping_status":"closed","template":"template-fullwidth.php","meta":{"inline_featured_image":false,"site-sidebar-layout":"default","site-content-layout":"","ast-site-content-layout":"","site-content-style":"default","site-sidebar-style":"default","ast-global-header-display":"","ast-banner-title-visibility":"","ast-main-header-display":"","ast-hfb-above-header-display":"","ast-hfb-below-header-display":"","ast-hfb-mobile-header-display":"","site-post-title":"","ast-breadcrumbs-content":"","ast-featured-img":"","footer-sml-layout":"","theme-transparent-header-meta":"","adv-header-id-meta":"","stick-header-meta":"","header-above-stick-meta":"","header-main-stick-meta":"","header-below-stick-meta":"","astra-migrate-meta-layouts":"default","ast-page-background-enabled":"default","ast-page-background-meta":{"desktop":{"background-color":"var(--ast-global-color-4)","background-image":"","background-repeat":"repeat","background-position":"center center","background-size":"auto","background-attachment":"scroll","background-type":"","background-media":"","overlay-type":"","overlay-color":"","overlay-opacity":"","overlay-gradient":""},"tablet":{"background-color":"","background-image":"","background-repeat":"repeat","background-position":"center center","background-size":"auto","background-attachment":"scroll","background-type":"","background-media":"","overlay-type":"","overlay-color":"","overlay-opacity":"","overlay-gradient":""},"mobile":{"background-color":"","background-image":"","background-repeat":"repeat","background-position":"center center","background-size":"auto","background-attachment":"scroll","background-type":"","background-media":"","overlay-type":"","overlay-color":"","overlay-opacity":"","overlay-gradient":""}},"ast-content-background-meta":{"desktop":{"background-color":"var(--ast-global-color-5)","background-image":"","background-repeat":"repeat","background-position":"center center","background-size":"auto","background-attachment":"scroll","background-type":"","background-media":"","overlay-type":"","overlay-color":"","overlay-opacity":"","overlay-gradient":""},"tablet":{"background-color":"var(--ast-global-color-5)","background-image":"","background-repeat":"repeat","background-position":"center center","background-size":"auto","background-attachment":"scroll","background-type":"","background-media":"","overlay-type":"","overlay-color":"","overlay-opacity":"","overlay-gradient":""},"mobile":{"background-color":"var(--ast-global-color-5)","background-image":"","background-repeat":"repeat","background-position":"center center","background-size":"auto","background-attachment":"scroll","background-type":"","background-media":"","overlay-type":"","overlay-color":"","overlay-opacity":"","overlay-gradient":""}},"_joinchat":[],"footnotes":""},"class_list":["post-6815","page","type-page","status-publish","has-post-thumbnail","hentry"],"acf":[],"yoast_head":"<!-- This site is optimized with the Yoast SEO Premium plugin v21.6 (Yoast SEO v22.7) - https:\/\/yoast.com\/wordpress\/plugins\/seo\/ -->\n<title>Validaci\u00f3n de Certificados - mOveUp Learning Hub<\/title>\n<meta name=\"robots\" content=\"index, follow, max-snippet:-1, max-image-preview:large, max-video-preview:-1\" \/>\n<link rel=\"canonical\" href=\"https:\/\/moveup.website\/virtual\/certifications\/validacion-de-certificados\/\" \/>\n<meta property=\"og:locale\" content=\"es_ES\" \/>\n<meta property=\"og:type\" content=\"article\" \/>\n<meta property=\"og:title\" content=\"Validaci\u00f3n de Certificados\" \/>\n<meta property=\"og:description\" content=\"Proceso de validaci\u00f3n de certificados A trav\u00e9s de este m\u00f3dulo cualquier persona, empresa o instituci\u00f3n puede verificar la validez de tu certificaci\u00f3n. Los certificados digitales se emiten formato PDF encriptado digitalmente para evitar su falsificaci\u00f3n, adicionalmente cuentan con un ID para ser validados en nuestra plataforma a trav\u00e9s de \u00e9ste formulario lo cual le a\u00f1ade [&hellip;]\" \/>\n<meta property=\"og:url\" content=\"https:\/\/moveup.website\/virtual\/certifications\/validacion-de-certificados\/\" \/>\n<meta property=\"og:site_name\" content=\"mOveUp Learning Hub\" \/>\n<meta property=\"article:publisher\" content=\"https:\/\/web.facebook.com\/mOveUpLabsPeru\/\" \/>\n<meta property=\"article:modified_time\" content=\"2023-08-17T15:24:56+00:00\" \/>\n<meta property=\"og:image\" content=\"https:\/\/moveup.website\/virtual\/wp-content\/uploads\/2019\/01\/app.jpg\" \/>\n\t<meta property=\"og:image:width\" content=\"1280\" \/>\n\t<meta property=\"og:image:height\" content=\"854\" \/>\n\t<meta property=\"og:image:type\" content=\"image\/jpeg\" \/>\n<meta name=\"twitter:card\" content=\"summary_large_image\" \/>\n<meta name=\"twitter:site\" content=\"@mOveUpLabs\" \/>\n<meta name=\"twitter:label1\" content=\"Tiempo de lectura\" \/>\n\t<meta name=\"twitter:data1\" content=\"1 minuto\" \/>\n<script type=\"application\/ld+json\" class=\"yoast-schema-graph\">{\"@context\":\"https:\/\/schema.org\",\"@graph\":[{\"@type\":\"WebPage\",\"@id\":\"https:\/\/moveup.website\/virtual\/certifications\/validacion-de-certificados\/\",\"url\":\"https:\/\/moveup.website\/virtual\/certifications\/validacion-de-certificados\/\",\"name\":\"Validaci\u00f3n de Certificados - mOveUp Learning Hub\",\"isPartOf\":{\"@id\":\"https:\/\/moveup.website\/virtual\/#website\"},\"primaryImageOfPage\":{\"@id\":\"https:\/\/moveup.website\/virtual\/certifications\/validacion-de-certificados\/#primaryimage\"},\"image\":{\"@id\":\"https:\/\/moveup.website\/virtual\/certifications\/validacion-de-certificados\/#primaryimage\"},\"thumbnailUrl\":\"https:\/\/moveup.website\/virtual\/wp-content\/uploads\/2019\/01\/app.jpg\",\"datePublished\":\"2020-03-03T00:16:19+00:00\",\"dateModified\":\"2023-08-17T15:24:56+00:00\",\"breadcrumb\":{\"@id\":\"https:\/\/moveup.website\/virtual\/certifications\/validacion-de-certificados\/#breadcrumb\"},\"inLanguage\":\"es\",\"potentialAction\":[{\"@type\":\"ReadAction\",\"target\":[\"https:\/\/moveup.website\/virtual\/certifications\/validacion-de-certificados\/\"]}]},{\"@type\":\"ImageObject\",\"inLanguage\":\"es\",\"@id\":\"https:\/\/moveup.website\/virtual\/certifications\/validacion-de-certificados\/#primaryimage\",\"url\":\"https:\/\/moveup.website\/virtual\/wp-content\/uploads\/2019\/01\/app.jpg\",\"contentUrl\":\"https:\/\/moveup.website\/virtual\/wp-content\/uploads\/2019\/01\/app.jpg\",\"width\":1280,\"height\":854,\"caption\":\"Validaci\u00f3n de certificados\"},{\"@type\":\"BreadcrumbList\",\"@id\":\"https:\/\/moveup.website\/virtual\/certifications\/validacion-de-certificados\/#breadcrumb\",\"itemListElement\":[{\"@type\":\"ListItem\",\"position\":1,\"name\":\"Portada\",\"item\":\"https:\/\/moveup.website\/virtual\/\"},{\"@type\":\"ListItem\",\"position\":2,\"name\":\"certifications\",\"item\":\"https:\/\/moveup.website\/virtual\/certifications\/\"},{\"@type\":\"ListItem\",\"position\":3,\"name\":\"Validaci\u00f3n de Certificados\"}]},{\"@type\":\"WebSite\",\"@id\":\"https:\/\/moveup.website\/virtual\/#website\",\"url\":\"https:\/\/moveup.website\/virtual\/\",\"name\":\"https:\/\/moveup.website\/virtual\",\"description\":\"soluciones educativas, learning hub\",\"publisher\":{\"@id\":\"https:\/\/moveup.website\/virtual\/#organization\"},\"alternateName\":\"https:\/\/moveup.website\",\"inLanguage\":\"es\"},{\"@type\":\"Organization\",\"@id\":\"https:\/\/moveup.website\/virtual\/#organization\",\"name\":\"mOveUp Labs Learning Hub\",\"url\":\"https:\/\/moveup.website\/virtual\/\",\"logo\":{\"@type\":\"ImageObject\",\"inLanguage\":\"es\",\"@id\":\"https:\/\/moveup.website\/virtual\/#\/schema\/logo\/image\/\",\"url\":\"https:\/\/moveup.website\/virtual\/wp-content\/uploads\/2023\/11\/mOveUp-Labs-Logo-2023.png\",\"contentUrl\":\"https:\/\/moveup.website\/virtual\/wp-content\/uploads\/2023\/11\/mOveUp-Labs-Logo-2023.png\",\"width\":426,\"height\":221,\"caption\":\"mOveUp Labs Learning Hub\"},\"image\":{\"@id\":\"https:\/\/moveup.website\/virtual\/#\/schema\/logo\/image\/\"},\"sameAs\":[\"https:\/\/web.facebook.com\/mOveUpLabsPeru\/\",\"https:\/\/x.com\/mOveUpLabs\"]}]}<\/script>\n<!-- \/ Yoast SEO Premium plugin. -->","yoast_head_json":{"title":"Validaci\u00f3n de Certificados - mOveUp Learning Hub","robots":{"index":"index","follow":"follow","max-snippet":"max-snippet:-1","max-image-preview":"max-image-preview:large","max-video-preview":"max-video-preview:-1"},"canonical":"https:\/\/moveup.website\/virtual\/certifications\/validacion-de-certificados\/","og_locale":"es_ES","og_type":"article","og_title":"Validaci\u00f3n de Certificados","og_description":"Proceso de validaci\u00f3n de certificados A trav\u00e9s de este m\u00f3dulo cualquier persona, empresa o instituci\u00f3n puede verificar la validez de tu certificaci\u00f3n. Los certificados digitales se emiten formato PDF encriptado digitalmente para evitar su falsificaci\u00f3n, adicionalmente cuentan con un ID para ser validados en nuestra plataforma a trav\u00e9s de \u00e9ste formulario lo cual le a\u00f1ade [&hellip;]","og_url":"https:\/\/moveup.website\/virtual\/certifications\/validacion-de-certificados\/","og_site_name":"mOveUp Learning Hub","article_publisher":"https:\/\/web.facebook.com\/mOveUpLabsPeru\/","article_modified_time":"2023-08-17T15:24:56+00:00","og_image":[{"width":1280,"height":854,"url":"https:\/\/moveup.website\/virtual\/wp-content\/uploads\/2019\/01\/app.jpg","type":"image\/jpeg"}],"twitter_card":"summary_large_image","twitter_site":"@mOveUpLabs","twitter_misc":{"Tiempo de lectura":"1 minuto"},"schema":{"@context":"https:\/\/schema.org","@graph":[{"@type":"WebPage","@id":"https:\/\/moveup.website\/virtual\/certifications\/validacion-de-certificados\/","url":"https:\/\/moveup.website\/virtual\/certifications\/validacion-de-certificados\/","name":"Validaci\u00f3n de Certificados - mOveUp Learning Hub","isPartOf":{"@id":"https:\/\/moveup.website\/virtual\/#website"},"primaryImageOfPage":{"@id":"https:\/\/moveup.website\/virtual\/certifications\/validacion-de-certificados\/#primaryimage"},"image":{"@id":"https:\/\/moveup.website\/virtual\/certifications\/validacion-de-certificados\/#primaryimage"},"thumbnailUrl":"https:\/\/moveup.website\/virtual\/wp-content\/uploads\/2019\/01\/app.jpg","datePublished":"2020-03-03T00:16:19+00:00","dateModified":"2023-08-17T15:24:56+00:00","breadcrumb":{"@id":"https:\/\/moveup.website\/virtual\/certifications\/validacion-de-certificados\/#breadcrumb"},"inLanguage":"es","potentialAction":[{"@type":"ReadAction","target":["https:\/\/moveup.website\/virtual\/certifications\/validacion-de-certificados\/"]}]},{"@type":"ImageObject","inLanguage":"es","@id":"https:\/\/moveup.website\/virtual\/certifications\/validacion-de-certificados\/#primaryimage","url":"https:\/\/moveup.website\/virtual\/wp-content\/uploads\/2019\/01\/app.jpg","contentUrl":"https:\/\/moveup.website\/virtual\/wp-content\/uploads\/2019\/01\/app.jpg","width":1280,"height":854,"caption":"Validaci\u00f3n de certificados"},{"@type":"BreadcrumbList","@id":"https:\/\/moveup.website\/virtual\/certifications\/validacion-de-certificados\/#breadcrumb","itemListElement":[{"@type":"ListItem","position":1,"name":"Portada","item":"https:\/\/moveup.website\/virtual\/"},{"@type":"ListItem","position":2,"name":"certifications","item":"https:\/\/moveup.website\/virtual\/certifications\/"},{"@type":"ListItem","position":3,"name":"Validaci\u00f3n de Certificados"}]},{"@type":"WebSite","@id":"https:\/\/moveup.website\/virtual\/#website","url":"https:\/\/moveup.website\/virtual\/","name":"https:\/\/moveup.website\/virtual","description":"soluciones educativas, learning hub","publisher":{"@id":"https:\/\/moveup.website\/virtual\/#organization"},"alternateName":"https:\/\/moveup.website","inLanguage":"es"},{"@type":"Organization","@id":"https:\/\/moveup.website\/virtual\/#organization","name":"mOveUp Labs Learning Hub","url":"https:\/\/moveup.website\/virtual\/","logo":{"@type":"ImageObject","inLanguage":"es","@id":"https:\/\/moveup.website\/virtual\/#\/schema\/logo\/image\/","url":"https:\/\/moveup.website\/virtual\/wp-content\/uploads\/2023\/11\/mOveUp-Labs-Logo-2023.png","contentUrl":"https:\/\/moveup.website\/virtual\/wp-content\/uploads\/2023\/11\/mOveUp-Labs-Logo-2023.png","width":426,"height":221,"caption":"mOveUp Labs Learning Hub"},"image":{"@id":"https:\/\/moveup.website\/virtual\/#\/schema\/logo\/image\/"},"sameAs":["https:\/\/web.facebook.com\/mOveUpLabsPeru\/","https:\/\/x.com\/mOveUpLabs"]}]}},"_links":{"self":[{"href":"https:\/\/moveup.website\/virtual\/wp-json\/wp\/v2\/pages\/6815","targetHints":{"allow":["GET"]}}],"collection":[{"href":"https:\/\/moveup.website\/virtual\/wp-json\/wp\/v2\/pages"}],"about":[{"href":"https:\/\/moveup.website\/virtual\/wp-json\/wp\/v2\/types\/page"}],"author":[{"embeddable":true,"href":"https:\/\/moveup.website\/virtual\/wp-json\/wp\/v2\/users\/1"}],"replies":[{"embeddable":true,"href":"https:\/\/moveup.website\/virtual\/wp-json\/wp\/v2\/comments?post=6815"}],"version-history":[{"count":31,"href":"https:\/\/moveup.website\/virtual\/wp-json\/wp\/v2\/pages\/6815\/revisions"}],"predecessor-version":[{"id":9187,"href":"https:\/\/moveup.website\/virtual\/wp-json\/wp\/v2\/pages\/6815\/revisions\/9187"}],"up":[{"embeddable":true,"href":"https:\/\/moveup.website\/virtual\/wp-json\/wp\/v2\/pages\/6833"}],"wp:featuredmedia":[{"embeddable":true,"href":"https:\/\/moveup.website\/virtual\/wp-json\/wp\/v2\/media\/5534"}],"wp:attachment":[{"href":"https:\/\/moveup.website\/virtual\/wp-json\/wp\/v2\/media?parent=6815"}],"curies":[{"name":"wp","href":"https:\/\/api.w.org\/{rel}","templated":true}]}}