{"id":10240,"date":"2023-12-02T01:08:30","date_gmt":"2023-12-02T06:08:30","guid":{"rendered":"https:\/\/moveup.website\/virtual\/?post_type=product&#038;p=10240"},"modified":"2025-04-28T16:17:46","modified_gmt":"2025-04-28T21:17:46","slug":"curso-gestion-proyectos-emprendedores-online","status":"publish","type":"product","link":"https:\/\/moveup.website\/virtual\/product\/curso-gestion-proyectos-emprendedores-online\/","title":{"rendered":"Curso de Gesti\u00f3n de Proyectos para Emprendedores Online en Vivo (20h) | Planifica, Ejecuta y Lidera con \u00c9xito"},"content":{"rendered":"<h2>Lidera tus Proyectos al \u00c9xito:<\/h2>\n<p>Domina la Gesti\u00f3n Eficiente para Emprendedores El Curso de Gesti\u00f3n de Proyectos para Emprendedores Online en Vivo te brindar\u00e1 las herramientas pr\u00e1cticas para planificar, ejecutar y controlar proyectos de forma eficiente, maximizando recursos y asegurando resultados exitosos.<\/p>\n<p>Durante las 20 horas de formaci\u00f3n, abordar\u00e1s temas clave como la identificaci\u00f3n de oportunidades, gesti\u00f3n de recursos, planificaci\u00f3n \u00e1gil, liderazgo, toma de decisiones, control de presupuestos y seguimiento de avances.<\/p>\n<p>&nbsp;<\/p>\n<h2>\u00bfQu\u00e9 aprender\u00e1s con este curso?<\/h2>\n<p>\u2705 T\u00e9cnicas de planificaci\u00f3n y organizaci\u00f3n de proyectos<br \/>\n\u2705 Gesti\u00f3n de recursos, tiempos y costos<br \/>\n\u2705 Metodolog\u00edas \u00e1giles aplicadas al emprendimiento<br \/>\n\u2705 Estrategias de liderazgo y toma de decisiones efectivas<br \/>\n\u2705 Control y seguimiento de proyectos para asegurar resultados<br \/>\n\u2705 Herramientas digitales para la gesti\u00f3n eficiente<br \/>\n\u2705 An\u00e1lisis de riesgos y resoluci\u00f3n de problemas<br \/>\n\u2705 C\u00f3mo convertir ideas en proyectos sostenibles y exitosos<\/p>\n<p>Al finalizar, estar\u00e1s preparado para liderar proyectos desde la idea hasta su ejecuci\u00f3n, optimizando procesos y alcanzando tus objetivos de negocio.<\/p>\n<p>&nbsp;<\/p>\n<h2>Detalles del Curso:<\/h2>\n<p>\ud83d\udcc5 Modalidad: Online en Vivo + acceso a grabaciones<br \/>\n\u23f1 Duraci\u00f3n: 20 horas<br \/>\n\ud83c\udf93 Incluye Certificaci\u00f3n Digital<br \/>\n\ud83d\udcbb Requisito: Buena vibra \ud83d\ude0a (obligatorio)<br \/>\n\ud83d\udc65 Dirigido a: Emprendedores, l\u00edderes de equipos, gestores de proyectos y profesionales que buscan mejorar su organizaci\u00f3n<br \/>\n\ud83d\udcb3 Facilidades de pago disponibles<\/p>\n<p>&nbsp;<\/p>\n<p><em><strong>\u00a1Convierte tus ideas en proyectos exitosos con una gesti\u00f3n profesional!<\/strong><\/em><\/p>\n","protected":false},"excerpt":{"rendered":"<p>Aprende a planificar, gestionar y liderar proyectos exitosos. 20h de formaci\u00f3n online en vivo con certificaci\u00f3n digital. Desarrolla habilidades clave para emprendedores y profesionales.<\/p>\n","protected":false},"featured_media":8334,"comment_status":"open","ping_status":"closed","template":"","meta":{"inline_featured_image":false,"site-sidebar-layout":"default","site-content-layout":"","ast-site-content-layout":"default","site-content-style":"default","site-sidebar-style":"default","ast-global-header-display":"","ast-banner-title-visibility":"","ast-main-header-display":"","ast-hfb-above-header-display":"","ast-hfb-below-header-display":"","ast-hfb-mobile-header-display":"","site-post-title":"","ast-breadcrumbs-content":"","ast-featured-img":"","footer-sml-layout":"","theme-transparent-header-meta":"default","adv-header-id-meta":"","stick-header-meta":"","header-above-stick-meta":"","header-main-stick-meta":"","header-below-stick-meta":"","astra-migrate-meta-layouts":"set","ast-page-background-enabled":"default","ast-page-background-meta":{"desktop":{"background-color":"var(--ast-global-color-4)","background-image":"","background-repeat":"repeat","background-position":"center center","background-size":"auto","background-attachment":"scroll","background-type":"","background-media":"","overlay-type":"","overlay-color":"","overlay-opacity":"","overlay-gradient":""},"tablet":{"background-color":"","background-image":"","background-repeat":"repeat","background-position":"center center","background-size":"auto","background-attachment":"scroll","background-type":"","background-media":"","overlay-type":"","overlay-color":"","overlay-opacity":"","overlay-gradient":""},"mobile":{"background-color":"","background-image":"","background-repeat":"repeat","background-position":"center center","background-size":"auto","background-attachment":"scroll","background-type":"","background-media":"","overlay-type":"","overlay-color":"","overlay-opacity":"","overlay-gradient":""}},"ast-content-background-meta":{"desktop":{"background-color":"var(--ast-global-color-5)","background-image":"","background-repeat":"repeat","background-position":"center center","background-size":"auto","background-attachment":"scroll","background-type":"","background-media":"","overlay-type":"","overlay-color":"","overlay-opacity":"","overlay-gradient":""},"tablet":{"background-color":"var(--ast-global-color-5)","background-image":"","background-repeat":"repeat","background-position":"center center","background-size":"auto","background-attachment":"scroll","background-type":"","background-media":"","overlay-type":"","overlay-color":"","overlay-opacity":"","overlay-gradient":""},"mobile":{"background-color":"var(--ast-global-color-5)","background-image":"","background-repeat":"repeat","background-position":"center center","background-size":"auto","background-attachment":"scroll","background-type":"","background-media":"","overlay-type":"","overlay-color":"","overlay-opacity":"","overlay-gradient":""}},"_joinchat":[]},"product_cat":[218,217],"product_tag":[177,184,185,165],"class_list":{"0":"post-10240","1":"product","2":"type-product","3":"status-publish","4":"has-post-thumbnail","6":"product_cat-habilidades-profesionales-y-empleabilidad","7":"product_cat-productividad-y-herramientas-digitales","8":"product_tag-aprendizaje-digital","9":"product_tag-ciberseguridad","10":"product_tag-seguridad","11":"product_tag-tecnologia","12":"desktop-align-left","13":"tablet-align-left","14":"mobile-align-left","16":"first","17":"instock","18":"sale","19":"shipping-taxable","20":"purchasable","21":"product-type-variable"},"acf":[],"yoast_head":"<!-- This site is optimized with the Yoast SEO Premium plugin v21.6 (Yoast SEO v22.7) - https:\/\/yoast.com\/wordpress\/plugins\/seo\/ -->\n<title>Curso de Gesti\u00f3n de Proyectos para Emprendedores Online en Vivo (20h)<\/title>\n<meta name=\"description\" content=\"Aprende a planificar, ejecutar y liderar proyectos con \u00e9xito. 20h online en vivo + certificaci\u00f3n digital. Herramientas pr\u00e1cticas para emprendedores.\" \/>\n<meta name=\"robots\" content=\"index, follow, max-snippet:-1, max-image-preview:large, max-video-preview:-1\" \/>\n<link rel=\"canonical\" href=\"https:\/\/moveup.website\/virtual\/product\/curso-gestion-proyectos-emprendedores-online\/\" \/>\n<meta property=\"og:locale\" content=\"es_ES\" \/>\n<meta property=\"og:type\" content=\"article\" \/>\n<meta property=\"og:title\" content=\"Curso de Gesti\u00f3n de Proyectos para Emprendedores Online en Vivo (20h) | Planifica, Ejecuta y Lidera con \u00c9xito\" \/>\n<meta property=\"og:description\" content=\"Aprende a planificar, ejecutar y liderar proyectos con \u00e9xito. 20h online en vivo + certificaci\u00f3n digital. Herramientas pr\u00e1cticas para emprendedores.\" \/>\n<meta property=\"og:url\" content=\"https:\/\/moveup.website\/virtual\/product\/curso-gestion-proyectos-emprendedores-online\/\" \/>\n<meta property=\"og:site_name\" content=\"mOveUp Learning Hub\" \/>\n<meta property=\"article:publisher\" content=\"https:\/\/web.facebook.com\/mOveUpLabsPeru\/\" \/>\n<meta property=\"article:modified_time\" content=\"2025-04-28T21:17:46+00:00\" \/>\n<meta property=\"og:image\" content=\"https:\/\/moveup.website\/virtual\/wp-content\/uploads\/2023\/04\/AS042.jpg\" \/>\n\t<meta property=\"og:image:width\" content=\"640\" \/>\n\t<meta property=\"og:image:height\" content=\"427\" \/>\n\t<meta property=\"og:image:type\" content=\"image\/jpeg\" \/>\n<meta name=\"twitter:card\" content=\"summary_large_image\" \/>\n<meta name=\"twitter:site\" content=\"@mOveUpLabs\" \/>\n<meta name=\"twitter:label1\" content=\"Disponibilidad\" \/>\n\t<meta name=\"twitter:data1\" content=\"Disponible\" \/>\n<script type=\"application\/ld+json\" class=\"yoast-schema-graph\">{\"@context\":\"https:\/\/schema.org\",\"@graph\":[{\"@type\":\"WebPage\",\"@id\":\"https:\/\/moveup.website\/virtual\/product\/curso-gestion-proyectos-emprendedores-online\/\",\"url\":\"https:\/\/moveup.website\/virtual\/product\/curso-gestion-proyectos-emprendedores-online\/\",\"name\":\"Curso de Gesti\u00f3n de Proyectos para Emprendedores Online en Vivo (20h)\",\"isPartOf\":{\"@id\":\"https:\/\/moveup.website\/virtual\/#website\"},\"primaryImageOfPage\":{\"@id\":\"https:\/\/moveup.website\/virtual\/product\/curso-gestion-proyectos-emprendedores-online\/#primaryimage\"},\"image\":{\"@id\":\"https:\/\/moveup.website\/virtual\/product\/curso-gestion-proyectos-emprendedores-online\/#primaryimage\"},\"thumbnailUrl\":\"https:\/\/moveup.website\/virtual\/wp-content\/uploads\/2023\/04\/AS042.jpg\",\"datePublished\":\"2023-12-02T06:08:30+00:00\",\"dateModified\":\"2025-04-28T21:17:46+00:00\",\"description\":\"Aprende a planificar, ejecutar y liderar proyectos con \u00e9xito. 20h online en vivo + certificaci\u00f3n digital. Herramientas pr\u00e1cticas para emprendedores.\",\"breadcrumb\":{\"@id\":\"https:\/\/moveup.website\/virtual\/product\/curso-gestion-proyectos-emprendedores-online\/#breadcrumb\"},\"inLanguage\":\"es\",\"potentialAction\":[{\"@type\":\"ReadAction\",\"target\":[\"https:\/\/moveup.website\/virtual\/product\/curso-gestion-proyectos-emprendedores-online\/\"]}]},{\"@type\":\"ImageObject\",\"inLanguage\":\"es\",\"@id\":\"https:\/\/moveup.website\/virtual\/product\/curso-gestion-proyectos-emprendedores-online\/#primaryimage\",\"url\":\"https:\/\/moveup.website\/virtual\/wp-content\/uploads\/2023\/04\/AS042.jpg\",\"contentUrl\":\"https:\/\/moveup.website\/virtual\/wp-content\/uploads\/2023\/04\/AS042.jpg\",\"width\":640,\"height\":427,\"caption\":\"Gesti\u00f3n de Proyectos para Emprendedores\"},{\"@type\":\"BreadcrumbList\",\"@id\":\"https:\/\/moveup.website\/virtual\/product\/curso-gestion-proyectos-emprendedores-online\/#breadcrumb\",\"itemListElement\":[{\"@type\":\"ListItem\",\"position\":1,\"name\":\"Portada\",\"item\":\"https:\/\/moveup.website\/virtual\/\"},{\"@type\":\"ListItem\",\"position\":2,\"name\":\"Shop\",\"item\":\"https:\/\/moveup.website\/virtual\/shop\/\"},{\"@type\":\"ListItem\",\"position\":3,\"name\":\"Curso de Gesti\u00f3n de Proyectos para Emprendedores Online en Vivo (20h) | Planifica, Ejecuta y Lidera con \u00c9xito\"}]},{\"@type\":\"WebSite\",\"@id\":\"https:\/\/moveup.website\/virtual\/#website\",\"url\":\"https:\/\/moveup.website\/virtual\/\",\"name\":\"https:\/\/moveup.website\/virtual\",\"description\":\"soluciones educativas, learning hub\",\"publisher\":{\"@id\":\"https:\/\/moveup.website\/virtual\/#organization\"},\"alternateName\":\"https:\/\/moveup.website\",\"inLanguage\":\"es\"},{\"@type\":\"Organization\",\"@id\":\"https:\/\/moveup.website\/virtual\/#organization\",\"name\":\"mOveUp Labs Learning Hub\",\"url\":\"https:\/\/moveup.website\/virtual\/\",\"logo\":{\"@type\":\"ImageObject\",\"inLanguage\":\"es\",\"@id\":\"https:\/\/moveup.website\/virtual\/#\/schema\/logo\/image\/\",\"url\":\"https:\/\/moveup.website\/virtual\/wp-content\/uploads\/2023\/11\/mOveUp-Labs-Logo-2023.png\",\"contentUrl\":\"https:\/\/moveup.website\/virtual\/wp-content\/uploads\/2023\/11\/mOveUp-Labs-Logo-2023.png\",\"width\":426,\"height\":221,\"caption\":\"mOveUp Labs Learning Hub\"},\"image\":{\"@id\":\"https:\/\/moveup.website\/virtual\/#\/schema\/logo\/image\/\"},\"sameAs\":[\"https:\/\/web.facebook.com\/mOveUpLabsPeru\/\",\"https:\/\/x.com\/mOveUpLabs\"]}]}<\/script>\n<meta property=\"og:availability\" content=\"instock\" \/>\n<meta property=\"product:availability\" content=\"instock\" \/>\n<meta property=\"product:condition\" content=\"new\" \/>\n<!-- \/ Yoast SEO Premium plugin. -->","yoast_head_json":{"title":"Curso de Gesti\u00f3n de Proyectos para Emprendedores Online en Vivo (20h)","description":"Aprende a planificar, ejecutar y liderar proyectos con \u00e9xito. 20h online en vivo + certificaci\u00f3n digital. Herramientas pr\u00e1cticas para emprendedores.","robots":{"index":"index","follow":"follow","max-snippet":"max-snippet:-1","max-image-preview":"max-image-preview:large","max-video-preview":"max-video-preview:-1"},"canonical":"https:\/\/moveup.website\/virtual\/product\/curso-gestion-proyectos-emprendedores-online\/","og_locale":"es_ES","og_type":"article","og_title":"Curso de Gesti\u00f3n de Proyectos para Emprendedores Online en Vivo (20h) | Planifica, Ejecuta y Lidera con \u00c9xito","og_description":"Aprende a planificar, ejecutar y liderar proyectos con \u00e9xito. 20h online en vivo + certificaci\u00f3n digital. Herramientas pr\u00e1cticas para emprendedores.","og_url":"https:\/\/moveup.website\/virtual\/product\/curso-gestion-proyectos-emprendedores-online\/","og_site_name":"mOveUp Learning Hub","article_publisher":"https:\/\/web.facebook.com\/mOveUpLabsPeru\/","article_modified_time":"2025-04-28T21:17:46+00:00","og_image":[{"width":640,"height":427,"url":"https:\/\/moveup.website\/virtual\/wp-content\/uploads\/2023\/04\/AS042.jpg","type":"image\/jpeg"}],"twitter_card":"summary_large_image","twitter_site":"@mOveUpLabs","twitter_misc":{"Disponibilidad":"Disponible"},"schema":{"@context":"https:\/\/schema.org","@graph":[{"@type":"WebPage","@id":"https:\/\/moveup.website\/virtual\/product\/curso-gestion-proyectos-emprendedores-online\/","url":"https:\/\/moveup.website\/virtual\/product\/curso-gestion-proyectos-emprendedores-online\/","name":"Curso de Gesti\u00f3n de Proyectos para Emprendedores Online en Vivo (20h)","isPartOf":{"@id":"https:\/\/moveup.website\/virtual\/#website"},"primaryImageOfPage":{"@id":"https:\/\/moveup.website\/virtual\/product\/curso-gestion-proyectos-emprendedores-online\/#primaryimage"},"image":{"@id":"https:\/\/moveup.website\/virtual\/product\/curso-gestion-proyectos-emprendedores-online\/#primaryimage"},"thumbnailUrl":"https:\/\/moveup.website\/virtual\/wp-content\/uploads\/2023\/04\/AS042.jpg","datePublished":"2023-12-02T06:08:30+00:00","dateModified":"2025-04-28T21:17:46+00:00","description":"Aprende a planificar, ejecutar y liderar proyectos con \u00e9xito. 20h online en vivo + certificaci\u00f3n digital. Herramientas pr\u00e1cticas para emprendedores.","breadcrumb":{"@id":"https:\/\/moveup.website\/virtual\/product\/curso-gestion-proyectos-emprendedores-online\/#breadcrumb"},"inLanguage":"es","potentialAction":[{"@type":"ReadAction","target":["https:\/\/moveup.website\/virtual\/product\/curso-gestion-proyectos-emprendedores-online\/"]}]},{"@type":"ImageObject","inLanguage":"es","@id":"https:\/\/moveup.website\/virtual\/product\/curso-gestion-proyectos-emprendedores-online\/#primaryimage","url":"https:\/\/moveup.website\/virtual\/wp-content\/uploads\/2023\/04\/AS042.jpg","contentUrl":"https:\/\/moveup.website\/virtual\/wp-content\/uploads\/2023\/04\/AS042.jpg","width":640,"height":427,"caption":"Gesti\u00f3n de Proyectos para Emprendedores"},{"@type":"BreadcrumbList","@id":"https:\/\/moveup.website\/virtual\/product\/curso-gestion-proyectos-emprendedores-online\/#breadcrumb","itemListElement":[{"@type":"ListItem","position":1,"name":"Portada","item":"https:\/\/moveup.website\/virtual\/"},{"@type":"ListItem","position":2,"name":"Shop","item":"https:\/\/moveup.website\/virtual\/shop\/"},{"@type":"ListItem","position":3,"name":"Curso de Gesti\u00f3n de Proyectos para Emprendedores Online en Vivo (20h) | Planifica, Ejecuta y Lidera con \u00c9xito"}]},{"@type":"WebSite","@id":"https:\/\/moveup.website\/virtual\/#website","url":"https:\/\/moveup.website\/virtual\/","name":"https:\/\/moveup.website\/virtual","description":"soluciones educativas, learning hub","publisher":{"@id":"https:\/\/moveup.website\/virtual\/#organization"},"alternateName":"https:\/\/moveup.website","inLanguage":"es"},{"@type":"Organization","@id":"https:\/\/moveup.website\/virtual\/#organization","name":"mOveUp Labs Learning Hub","url":"https:\/\/moveup.website\/virtual\/","logo":{"@type":"ImageObject","inLanguage":"es","@id":"https:\/\/moveup.website\/virtual\/#\/schema\/logo\/image\/","url":"https:\/\/moveup.website\/virtual\/wp-content\/uploads\/2023\/11\/mOveUp-Labs-Logo-2023.png","contentUrl":"https:\/\/moveup.website\/virtual\/wp-content\/uploads\/2023\/11\/mOveUp-Labs-Logo-2023.png","width":426,"height":221,"caption":"mOveUp Labs Learning Hub"},"image":{"@id":"https:\/\/moveup.website\/virtual\/#\/schema\/logo\/image\/"},"sameAs":["https:\/\/web.facebook.com\/mOveUpLabsPeru\/","https:\/\/x.com\/mOveUpLabs"]}]},"og_availability":"instock","product_availability":"instock","product_condition":"new"},"_links":{"self":[{"href":"https:\/\/moveup.website\/virtual\/wp-json\/wp\/v2\/product\/10240","targetHints":{"allow":["GET"]}}],"collection":[{"href":"https:\/\/moveup.website\/virtual\/wp-json\/wp\/v2\/product"}],"about":[{"href":"https:\/\/moveup.website\/virtual\/wp-json\/wp\/v2\/types\/product"}],"replies":[{"embeddable":true,"href":"https:\/\/moveup.website\/virtual\/wp-json\/wp\/v2\/comments?post=10240"}],"wp:featuredmedia":[{"embeddable":true,"href":"https:\/\/moveup.website\/virtual\/wp-json\/wp\/v2\/media\/8334"}],"wp:attachment":[{"href":"https:\/\/moveup.website\/virtual\/wp-json\/wp\/v2\/media?parent=10240"}],"wp:term":[{"taxonomy":"product_cat","embeddable":true,"href":"https:\/\/moveup.website\/virtual\/wp-json\/wp\/v2\/product_cat?post=10240"},{"taxonomy":"product_tag","embeddable":true,"href":"https:\/\/moveup.website\/virtual\/wp-json\/wp\/v2\/product_tag?post=10240"}],"curies":[{"name":"wp","href":"https:\/\/api.w.org\/{rel}","templated":true}]}}