{"id":10488,"date":"2023-12-08T10:28:38","date_gmt":"2023-12-08T15:28:38","guid":{"rendered":"https:\/\/moveup.website\/virtual\/?post_type=product&#038;p=10488"},"modified":"2025-04-25T21:45:53","modified_gmt":"2025-04-26T02:45:53","slug":"telegram-en-el-ambito-educativo","status":"publish","type":"product","link":"https:\/\/moveup.website\/virtual\/product\/telegram-en-el-ambito-educativo\/","title":{"rendered":"Curso de Telegram para Docentes Online en Vivo (10h) | Gestiona Grupos Educativos y Mejora la Comunicaci\u00f3n"},"content":{"rendered":"<h3>\ud83d\ude80 Potencia tu Ense\u00f1anza con Telegram: Gesti\u00f3n de Grupos, Canales y Recursos Educativos<\/h3>\n<p>El Curso de Telegram para Docentes Online en Vivo te brindar\u00e1 las herramientas necesarias para utilizar Telegram como una poderosa plataforma educativa. Aprende a crear y administrar grupos, canales, distribuir material did\u00e1ctico, automatizar procesos y mejorar la interacci\u00f3n con tus estudiantes.<\/p>\n<p>Durante las 10 horas de formaci\u00f3n pr\u00e1ctica, descubrir\u00e1s c\u00f3mo integrar Telegram en tus clases virtuales, tutor\u00edas, capacitaciones y proyectos colaborativos, asegurando una comunicaci\u00f3n efectiva, segura y organizada.<\/p>\n<p>&nbsp;<\/p>\n<h3>\u00bfQu\u00e9 aprender\u00e1s con este curso?<\/h3>\n<p>\u2705 Creaci\u00f3n y gesti\u00f3n de grupos y canales educativos en Telegram.<br \/>\n\u2705 Distribuci\u00f3n de materiales, tareas y recursos pedag\u00f3gicos.<br \/>\n\u2705 Uso de bots, encuestas y automatizaciones para facilitar la gesti\u00f3n.<br \/>\n\u2705 T\u00e9cnicas de comunicaci\u00f3n efectiva con estudiantes.<br \/>\n\u2705 Seguridad y buenas pr\u00e1cticas en el uso de Telegram.<br \/>\n\u2705 Aplicaciones de Telegram para clases virtuales, tutor\u00edas y comunidades educativas.<\/p>\n<p>Al finalizar, podr\u00e1s integrar Telegram como una herramienta clave para mejorar la din\u00e1mica de tus clases y optimizar la gesti\u00f3n educativa en entornos digitales.<\/p>\n<p>&nbsp;<\/p>\n<h3>Detalles del Curso:<\/h3>\n<p>\ud83d\udcc5 Modalidad: Online en Vivo + acceso a grabaciones.<\/p>\n<p>\u23f1 Duraci\u00f3n: 10 horas.<\/p>\n<p>\ud83c\udf93 Incluye Certificaci\u00f3n Digital.<\/p>\n<p>\ud83d\udcbb Requisito: Alfabetizaci\u00f3n inform\u00e1tica (recomendado).<\/p>\n<p>\ud83d\udc65 Dirigido a: Docentes, capacitadores, tutores, gestores educativos y coordinadores de comunidades virtuales.<\/p>\n<p>\ud83d\udcb3 Facilidades de pago disponibles.<\/p>\n<p>&nbsp;<\/p>\n<p><em><strong>\u00a1Inscr\u00edbete y transforma tu comunicaci\u00f3n educativa con Telegram!<\/strong><\/em><\/p>\n","protected":false},"excerpt":{"rendered":"<p>Aprende a gestionar grupos, canales y recursos educativos con Telegram en 10h de clases online en vivo. Mejora la comunicaci\u00f3n con estudiantes y optimiza tus clases virtuales. Incluye certificaci\u00f3n digital.<\/p>\n","protected":false},"featured_media":8594,"comment_status":"open","ping_status":"closed","template":"","meta":{"inline_featured_image":false,"site-sidebar-layout":"default","site-content-layout":"","ast-site-content-layout":"default","site-content-style":"default","site-sidebar-style":"default","ast-global-header-display":"","ast-banner-title-visibility":"","ast-main-header-display":"","ast-hfb-above-header-display":"","ast-hfb-below-header-display":"","ast-hfb-mobile-header-display":"","site-post-title":"","ast-breadcrumbs-content":"","ast-featured-img":"","footer-sml-layout":"","theme-transparent-header-meta":"default","adv-header-id-meta":"","stick-header-meta":"","header-above-stick-meta":"","header-main-stick-meta":"","header-below-stick-meta":"","astra-migrate-meta-layouts":"set","ast-page-background-enabled":"default","ast-page-background-meta":{"desktop":{"background-color":"var(--ast-global-color-4)","background-image":"","background-repeat":"repeat","background-position":"center center","background-size":"auto","background-attachment":"scroll","background-type":"","background-media":"","overlay-type":"","overlay-color":"","overlay-opacity":"","overlay-gradient":""},"tablet":{"background-color":"","background-image":"","background-repeat":"repeat","background-position":"center center","background-size":"auto","background-attachment":"scroll","background-type":"","background-media":"","overlay-type":"","overlay-color":"","overlay-opacity":"","overlay-gradient":""},"mobile":{"background-color":"","background-image":"","background-repeat":"repeat","background-position":"center center","background-size":"auto","background-attachment":"scroll","background-type":"","background-media":"","overlay-type":"","overlay-color":"","overlay-opacity":"","overlay-gradient":""}},"ast-content-background-meta":{"desktop":{"background-color":"var(--ast-global-color-5)","background-image":"","background-repeat":"repeat","background-position":"center center","background-size":"auto","background-attachment":"scroll","background-type":"","background-media":"","overlay-type":"","overlay-color":"","overlay-opacity":"","overlay-gradient":""},"tablet":{"background-color":"var(--ast-global-color-5)","background-image":"","background-repeat":"repeat","background-position":"center center","background-size":"auto","background-attachment":"scroll","background-type":"","background-media":"","overlay-type":"","overlay-color":"","overlay-opacity":"","overlay-gradient":""},"mobile":{"background-color":"var(--ast-global-color-5)","background-image":"","background-repeat":"repeat","background-position":"center center","background-size":"auto","background-attachment":"scroll","background-type":"","background-media":"","overlay-type":"","overlay-color":"","overlay-opacity":"","overlay-gradient":""}},"_joinchat":[]},"product_cat":[218,217],"product_tag":[177,200,188,199,180,165,201],"class_list":{"0":"post-10488","1":"product","2":"type-product","3":"status-publish","4":"has-post-thumbnail","6":"product_cat-habilidades-profesionales-y-empleabilidad","7":"product_cat-productividad-y-herramientas-digitales","8":"product_tag-aprendizaje-digital","9":"product_tag-docencia","10":"product_tag-e-learning","11":"product_tag-habilidades","12":"product_tag-productividad","13":"product_tag-tecnologia","14":"product_tag-virtual","15":"desktop-align-left","16":"tablet-align-left","17":"mobile-align-left","19":"first","20":"instock","21":"sale","22":"shipping-taxable","23":"purchasable","24":"product-type-variable"},"acf":[],"yoast_head":"<!-- This site is optimized with the Yoast SEO Premium plugin v21.6 (Yoast SEO v22.7) - https:\/\/yoast.com\/wordpress\/plugins\/seo\/ -->\n<title>Curso de Telegram para Docentes Online en Vivo (10h) | Gestiona Grupos Educativos<\/title>\n<meta name=\"description\" content=\"Aprende a gestionar grupos y canales educativos con Telegram en 10h de clases online en vivo. Mejora tu comunicaci\u00f3n docente. Incluye certificaci\u00f3n digital.\" \/>\n<meta name=\"robots\" content=\"index, follow, max-snippet:-1, max-image-preview:large, max-video-preview:-1\" \/>\n<link rel=\"canonical\" href=\"https:\/\/moveup.website\/virtual\/product\/telegram-en-el-ambito-educativo\/\" \/>\n<meta property=\"og:locale\" content=\"es_ES\" \/>\n<meta property=\"og:type\" content=\"article\" \/>\n<meta property=\"og:title\" content=\"Curso de Telegram para Docentes Online en Vivo (10h) | Gestiona Grupos Educativos y Mejora la Comunicaci\u00f3n\" \/>\n<meta property=\"og:description\" content=\"Aprende a gestionar grupos y canales educativos con Telegram en 10h de clases online en vivo. Mejora tu comunicaci\u00f3n docente. Incluye certificaci\u00f3n digital.\" \/>\n<meta property=\"og:url\" content=\"https:\/\/moveup.website\/virtual\/product\/telegram-en-el-ambito-educativo\/\" \/>\n<meta property=\"og:site_name\" content=\"mOveUp Learning Hub\" \/>\n<meta property=\"article:publisher\" content=\"https:\/\/web.facebook.com\/mOveUpLabsPeru\/\" \/>\n<meta property=\"article:modified_time\" content=\"2025-04-26T02:45:53+00:00\" \/>\n<meta property=\"og:image\" content=\"https:\/\/moveup.website\/virtual\/wp-content\/uploads\/2023\/06\/AS045.jpg\" \/>\n\t<meta property=\"og:image:width\" content=\"640\" \/>\n\t<meta property=\"og:image:height\" content=\"427\" \/>\n\t<meta property=\"og:image:type\" content=\"image\/jpeg\" \/>\n<meta name=\"twitter:card\" content=\"summary_large_image\" \/>\n<meta name=\"twitter:site\" content=\"@mOveUpLabs\" \/>\n<meta name=\"twitter:label1\" content=\"Disponibilidad\" \/>\n\t<meta name=\"twitter:data1\" content=\"Disponible\" \/>\n<script type=\"application\/ld+json\" class=\"yoast-schema-graph\">{\"@context\":\"https:\/\/schema.org\",\"@graph\":[{\"@type\":\"WebPage\",\"@id\":\"https:\/\/moveup.website\/virtual\/product\/telegram-en-el-ambito-educativo\/\",\"url\":\"https:\/\/moveup.website\/virtual\/product\/telegram-en-el-ambito-educativo\/\",\"name\":\"Curso de Telegram para Docentes Online en Vivo (10h) | Gestiona Grupos Educativos\",\"isPartOf\":{\"@id\":\"https:\/\/moveup.website\/virtual\/#website\"},\"primaryImageOfPage\":{\"@id\":\"https:\/\/moveup.website\/virtual\/product\/telegram-en-el-ambito-educativo\/#primaryimage\"},\"image\":{\"@id\":\"https:\/\/moveup.website\/virtual\/product\/telegram-en-el-ambito-educativo\/#primaryimage\"},\"thumbnailUrl\":\"https:\/\/moveup.website\/virtual\/wp-content\/uploads\/2023\/06\/AS045.jpg\",\"datePublished\":\"2023-12-08T15:28:38+00:00\",\"dateModified\":\"2025-04-26T02:45:53+00:00\",\"description\":\"Aprende a gestionar grupos y canales educativos con Telegram en 10h de clases online en vivo. Mejora tu comunicaci\u00f3n docente. Incluye certificaci\u00f3n digital.\",\"breadcrumb\":{\"@id\":\"https:\/\/moveup.website\/virtual\/product\/telegram-en-el-ambito-educativo\/#breadcrumb\"},\"inLanguage\":\"es\",\"potentialAction\":[{\"@type\":\"ReadAction\",\"target\":[\"https:\/\/moveup.website\/virtual\/product\/telegram-en-el-ambito-educativo\/\"]}]},{\"@type\":\"ImageObject\",\"inLanguage\":\"es\",\"@id\":\"https:\/\/moveup.website\/virtual\/product\/telegram-en-el-ambito-educativo\/#primaryimage\",\"url\":\"https:\/\/moveup.website\/virtual\/wp-content\/uploads\/2023\/06\/AS045.jpg\",\"contentUrl\":\"https:\/\/moveup.website\/virtual\/wp-content\/uploads\/2023\/06\/AS045.jpg\",\"width\":640,\"height\":427,\"caption\":\"Telegram en el \u00c1mbito Educativo\"},{\"@type\":\"BreadcrumbList\",\"@id\":\"https:\/\/moveup.website\/virtual\/product\/telegram-en-el-ambito-educativo\/#breadcrumb\",\"itemListElement\":[{\"@type\":\"ListItem\",\"position\":1,\"name\":\"Portada\",\"item\":\"https:\/\/moveup.website\/virtual\/\"},{\"@type\":\"ListItem\",\"position\":2,\"name\":\"Shop\",\"item\":\"https:\/\/moveup.website\/virtual\/shop\/\"},{\"@type\":\"ListItem\",\"position\":3,\"name\":\"Curso de Telegram para Docentes Online en Vivo (10h) | Gestiona Grupos Educativos y Mejora la Comunicaci\u00f3n\"}]},{\"@type\":\"WebSite\",\"@id\":\"https:\/\/moveup.website\/virtual\/#website\",\"url\":\"https:\/\/moveup.website\/virtual\/\",\"name\":\"https:\/\/moveup.website\/virtual\",\"description\":\"soluciones educativas, learning hub\",\"publisher\":{\"@id\":\"https:\/\/moveup.website\/virtual\/#organization\"},\"alternateName\":\"https:\/\/moveup.website\",\"inLanguage\":\"es\"},{\"@type\":\"Organization\",\"@id\":\"https:\/\/moveup.website\/virtual\/#organization\",\"name\":\"mOveUp Labs Learning Hub\",\"url\":\"https:\/\/moveup.website\/virtual\/\",\"logo\":{\"@type\":\"ImageObject\",\"inLanguage\":\"es\",\"@id\":\"https:\/\/moveup.website\/virtual\/#\/schema\/logo\/image\/\",\"url\":\"https:\/\/moveup.website\/virtual\/wp-content\/uploads\/2023\/11\/mOveUp-Labs-Logo-2023.png\",\"contentUrl\":\"https:\/\/moveup.website\/virtual\/wp-content\/uploads\/2023\/11\/mOveUp-Labs-Logo-2023.png\",\"width\":426,\"height\":221,\"caption\":\"mOveUp Labs Learning Hub\"},\"image\":{\"@id\":\"https:\/\/moveup.website\/virtual\/#\/schema\/logo\/image\/\"},\"sameAs\":[\"https:\/\/web.facebook.com\/mOveUpLabsPeru\/\",\"https:\/\/x.com\/mOveUpLabs\"]}]}<\/script>\n<meta property=\"og:availability\" content=\"instock\" \/>\n<meta property=\"product:availability\" content=\"instock\" \/>\n<meta property=\"product:condition\" content=\"new\" \/>\n<!-- \/ Yoast SEO Premium plugin. -->","yoast_head_json":{"title":"Curso de Telegram para Docentes Online en Vivo (10h) | Gestiona Grupos Educativos","description":"Aprende a gestionar grupos y canales educativos con Telegram en 10h de clases online en vivo. Mejora tu comunicaci\u00f3n docente. Incluye certificaci\u00f3n digital.","robots":{"index":"index","follow":"follow","max-snippet":"max-snippet:-1","max-image-preview":"max-image-preview:large","max-video-preview":"max-video-preview:-1"},"canonical":"https:\/\/moveup.website\/virtual\/product\/telegram-en-el-ambito-educativo\/","og_locale":"es_ES","og_type":"article","og_title":"Curso de Telegram para Docentes Online en Vivo (10h) | Gestiona Grupos Educativos y Mejora la Comunicaci\u00f3n","og_description":"Aprende a gestionar grupos y canales educativos con Telegram en 10h de clases online en vivo. Mejora tu comunicaci\u00f3n docente. Incluye certificaci\u00f3n digital.","og_url":"https:\/\/moveup.website\/virtual\/product\/telegram-en-el-ambito-educativo\/","og_site_name":"mOveUp Learning Hub","article_publisher":"https:\/\/web.facebook.com\/mOveUpLabsPeru\/","article_modified_time":"2025-04-26T02:45:53+00:00","og_image":[{"width":640,"height":427,"url":"https:\/\/moveup.website\/virtual\/wp-content\/uploads\/2023\/06\/AS045.jpg","type":"image\/jpeg"}],"twitter_card":"summary_large_image","twitter_site":"@mOveUpLabs","twitter_misc":{"Disponibilidad":"Disponible"},"schema":{"@context":"https:\/\/schema.org","@graph":[{"@type":"WebPage","@id":"https:\/\/moveup.website\/virtual\/product\/telegram-en-el-ambito-educativo\/","url":"https:\/\/moveup.website\/virtual\/product\/telegram-en-el-ambito-educativo\/","name":"Curso de Telegram para Docentes Online en Vivo (10h) | Gestiona Grupos Educativos","isPartOf":{"@id":"https:\/\/moveup.website\/virtual\/#website"},"primaryImageOfPage":{"@id":"https:\/\/moveup.website\/virtual\/product\/telegram-en-el-ambito-educativo\/#primaryimage"},"image":{"@id":"https:\/\/moveup.website\/virtual\/product\/telegram-en-el-ambito-educativo\/#primaryimage"},"thumbnailUrl":"https:\/\/moveup.website\/virtual\/wp-content\/uploads\/2023\/06\/AS045.jpg","datePublished":"2023-12-08T15:28:38+00:00","dateModified":"2025-04-26T02:45:53+00:00","description":"Aprende a gestionar grupos y canales educativos con Telegram en 10h de clases online en vivo. Mejora tu comunicaci\u00f3n docente. Incluye certificaci\u00f3n digital.","breadcrumb":{"@id":"https:\/\/moveup.website\/virtual\/product\/telegram-en-el-ambito-educativo\/#breadcrumb"},"inLanguage":"es","potentialAction":[{"@type":"ReadAction","target":["https:\/\/moveup.website\/virtual\/product\/telegram-en-el-ambito-educativo\/"]}]},{"@type":"ImageObject","inLanguage":"es","@id":"https:\/\/moveup.website\/virtual\/product\/telegram-en-el-ambito-educativo\/#primaryimage","url":"https:\/\/moveup.website\/virtual\/wp-content\/uploads\/2023\/06\/AS045.jpg","contentUrl":"https:\/\/moveup.website\/virtual\/wp-content\/uploads\/2023\/06\/AS045.jpg","width":640,"height":427,"caption":"Telegram en el \u00c1mbito Educativo"},{"@type":"BreadcrumbList","@id":"https:\/\/moveup.website\/virtual\/product\/telegram-en-el-ambito-educativo\/#breadcrumb","itemListElement":[{"@type":"ListItem","position":1,"name":"Portada","item":"https:\/\/moveup.website\/virtual\/"},{"@type":"ListItem","position":2,"name":"Shop","item":"https:\/\/moveup.website\/virtual\/shop\/"},{"@type":"ListItem","position":3,"name":"Curso de Telegram para Docentes Online en Vivo (10h) | Gestiona Grupos Educativos y Mejora la Comunicaci\u00f3n"}]},{"@type":"WebSite","@id":"https:\/\/moveup.website\/virtual\/#website","url":"https:\/\/moveup.website\/virtual\/","name":"https:\/\/moveup.website\/virtual","description":"soluciones educativas, learning hub","publisher":{"@id":"https:\/\/moveup.website\/virtual\/#organization"},"alternateName":"https:\/\/moveup.website","inLanguage":"es"},{"@type":"Organization","@id":"https:\/\/moveup.website\/virtual\/#organization","name":"mOveUp Labs Learning Hub","url":"https:\/\/moveup.website\/virtual\/","logo":{"@type":"ImageObject","inLanguage":"es","@id":"https:\/\/moveup.website\/virtual\/#\/schema\/logo\/image\/","url":"https:\/\/moveup.website\/virtual\/wp-content\/uploads\/2023\/11\/mOveUp-Labs-Logo-2023.png","contentUrl":"https:\/\/moveup.website\/virtual\/wp-content\/uploads\/2023\/11\/mOveUp-Labs-Logo-2023.png","width":426,"height":221,"caption":"mOveUp Labs Learning Hub"},"image":{"@id":"https:\/\/moveup.website\/virtual\/#\/schema\/logo\/image\/"},"sameAs":["https:\/\/web.facebook.com\/mOveUpLabsPeru\/","https:\/\/x.com\/mOveUpLabs"]}]},"og_availability":"instock","product_availability":"instock","product_condition":"new"},"_links":{"self":[{"href":"https:\/\/moveup.website\/virtual\/wp-json\/wp\/v2\/product\/10488","targetHints":{"allow":["GET"]}}],"collection":[{"href":"https:\/\/moveup.website\/virtual\/wp-json\/wp\/v2\/product"}],"about":[{"href":"https:\/\/moveup.website\/virtual\/wp-json\/wp\/v2\/types\/product"}],"replies":[{"embeddable":true,"href":"https:\/\/moveup.website\/virtual\/wp-json\/wp\/v2\/comments?post=10488"}],"wp:featuredmedia":[{"embeddable":true,"href":"https:\/\/moveup.website\/virtual\/wp-json\/wp\/v2\/media\/8594"}],"wp:attachment":[{"href":"https:\/\/moveup.website\/virtual\/wp-json\/wp\/v2\/media?parent=10488"}],"wp:term":[{"taxonomy":"product_cat","embeddable":true,"href":"https:\/\/moveup.website\/virtual\/wp-json\/wp\/v2\/product_cat?post=10488"},{"taxonomy":"product_tag","embeddable":true,"href":"https:\/\/moveup.website\/virtual\/wp-json\/wp\/v2\/product_tag?post=10488"}],"curies":[{"name":"wp","href":"https:\/\/api.w.org\/{rel}","templated":true}]}}