{"id":10684,"date":"2024-01-08T07:59:30","date_gmt":"2024-01-08T12:59:30","guid":{"rendered":"https:\/\/moveup.website\/virtual\/?post_type=product&#038;p=10684"},"modified":"2025-04-25T13:31:33","modified_gmt":"2025-04-25T18:31:33","slug":"community-manager","status":"publish","type":"product","link":"https:\/\/moveup.website\/virtual\/product\/community-manager\/","title":{"rendered":"Curso de Community Manager Online en Vivo (30h) | Gestiona Redes Sociales y Potencia tu Marca"},"content":{"rendered":"<h3>\ud83d\ude80 Convi\u00e9rtete en Community Manager y Lidera la Presencia Digital de Marcas<\/h3>\n<p>El Curso de Community Manager te brinda las habilidades esenciales para gestionar redes sociales, crear estrategias de contenido, interactuar con comunidades y analizar resultados.<\/p>\n<p>Durante las 30 horas de clases online en vivo, aprender\u00e1s a manejar herramientas clave, resolver crisis digitales y potenciar la visibilidad de marcas o empresas.<\/p>\n<p>&nbsp;<\/p>\n<h3>\u00bfQu\u00e9 aprender\u00e1s con este curso?<\/h3>\n<p>\u2705 Dise\u00f1o de estrategias en redes sociales.<br \/>\n\u2705 Gesti\u00f3n de comunidades y atenci\u00f3n al cliente digital.<br \/>\n\u2705 Creaci\u00f3n de contenido efectivo para cada plataforma.<br \/>\n\u2705 Uso de herramientas de anal\u00edtica y m\u00e9tricas.<br \/>\n\u2705 Manejo de crisis y reputaci\u00f3n online.<br \/>\n\u2705 Planificaci\u00f3n y automatizaci\u00f3n de publicaciones.<\/p>\n<p>Al finalizar, estar\u00e1s preparado para trabajar como Community Manager en empresas, emprendimientos o gestionar tu propia marca personal.<\/p>\n<p>&nbsp;<\/p>\n<h3>Detalles del Curso:<\/h3>\n<p>\ud83d\udcc5 Modalidad: 100% Online en Vivo + acceso a grabaciones.<\/p>\n<p>\u23f1 Duraci\u00f3n: 30 horas.<\/p>\n<p>\ud83c\udf93 Certificaci\u00f3n Digital avalada por mOveUp.<\/p>\n<p>\ud83d\udcbb Requisito: Alfabetizaci\u00f3n inform\u00e1tica (opcional recomendado).<\/p>\n<p>\ud83d\udc65 Dirigido a: Emprendedores, profesionales, estudiantes y freelancers.<\/p>\n<p>\ud83d\udcb3 Facilidades de pago disponibles.<\/p>\n<p>&nbsp;<\/p>\n<p><em><strong>\u00a1Inscr\u00edbete y convi\u00e9rtete en un experto en redes sociales!<\/strong><\/em><\/p>\n","protected":false},"excerpt":{"rendered":"<p>Aprende a gestionar redes sociales de forma profesional en 30h de clases online en vivo. Domina estrategias de contenido, anal\u00edtica y atenci\u00f3n a comunidades. Incluye certificaci\u00f3n digital.<\/p>\n","protected":false},"featured_media":10685,"comment_status":"open","ping_status":"closed","template":"","meta":{"inline_featured_image":false,"site-sidebar-layout":"default","site-content-layout":"","ast-site-content-layout":"default","site-content-style":"default","site-sidebar-style":"default","ast-global-header-display":"","ast-banner-title-visibility":"","ast-main-header-display":"","ast-hfb-above-header-display":"","ast-hfb-below-header-display":"","ast-hfb-mobile-header-display":"","site-post-title":"","ast-breadcrumbs-content":"","ast-featured-img":"","footer-sml-layout":"","theme-transparent-header-meta":"default","adv-header-id-meta":"","stick-header-meta":"","header-above-stick-meta":"","header-main-stick-meta":"","header-below-stick-meta":"","astra-migrate-meta-layouts":"set","ast-page-background-enabled":"default","ast-page-background-meta":{"desktop":{"background-color":"var(--ast-global-color-4)","background-image":"","background-repeat":"repeat","background-position":"center center","background-size":"auto","background-attachment":"scroll","background-type":"","background-media":"","overlay-type":"","overlay-color":"","overlay-opacity":"","overlay-gradient":""},"tablet":{"background-color":"","background-image":"","background-repeat":"repeat","background-position":"center center","background-size":"auto","background-attachment":"scroll","background-type":"","background-media":"","overlay-type":"","overlay-color":"","overlay-opacity":"","overlay-gradient":""},"mobile":{"background-color":"","background-image":"","background-repeat":"repeat","background-position":"center center","background-size":"auto","background-attachment":"scroll","background-type":"","background-media":"","overlay-type":"","overlay-color":"","overlay-opacity":"","overlay-gradient":""}},"ast-content-background-meta":{"desktop":{"background-color":"var(--ast-global-color-5)","background-image":"","background-repeat":"repeat","background-position":"center center","background-size":"auto","background-attachment":"scroll","background-type":"","background-media":"","overlay-type":"","overlay-color":"","overlay-opacity":"","overlay-gradient":""},"tablet":{"background-color":"var(--ast-global-color-5)","background-image":"","background-repeat":"repeat","background-position":"center center","background-size":"auto","background-attachment":"scroll","background-type":"","background-media":"","overlay-type":"","overlay-color":"","overlay-opacity":"","overlay-gradient":""},"mobile":{"background-color":"var(--ast-global-color-5)","background-image":"","background-repeat":"repeat","background-position":"center center","background-size":"auto","background-attachment":"scroll","background-type":"","background-media":"","overlay-type":"","overlay-color":"","overlay-opacity":"","overlay-gradient":""}},"_joinchat":[]},"product_cat":[218,216],"product_tag":[188,193,194,165],"class_list":{"0":"post-10684","1":"product","2":"type-product","3":"status-publish","4":"has-post-thumbnail","6":"product_cat-habilidades-profesionales-y-empleabilidad","7":"product_cat-marketing-digital-y-e-commerce","8":"product_tag-e-learning","9":"product_tag-marketing","10":"product_tag-seo","11":"product_tag-tecnologia","12":"desktop-align-left","13":"tablet-align-left","14":"mobile-align-left","16":"first","17":"instock","18":"sale","19":"shipping-taxable","20":"purchasable","21":"product-type-variable"},"acf":[],"yoast_head":"<!-- This site is optimized with the Yoast SEO Premium plugin v21.6 (Yoast SEO v22.7) - https:\/\/yoast.com\/wordpress\/plugins\/seo\/ -->\n<title>Curso de Community Manager Online en Vivo (30h) | Gestiona Redes Sociales<\/title>\n<meta name=\"description\" content=\"Aprende Community Management con 30h de clases online en vivo. Gestiona redes sociales, crea contenido y obt\u00e9n certificaci\u00f3n digital con mOveUp.\" \/>\n<meta name=\"robots\" content=\"index, follow, max-snippet:-1, max-image-preview:large, max-video-preview:-1\" \/>\n<link rel=\"canonical\" href=\"https:\/\/moveup.website\/virtual\/product\/community-manager\/\" \/>\n<meta property=\"og:locale\" content=\"es_ES\" \/>\n<meta property=\"og:type\" content=\"article\" \/>\n<meta property=\"og:title\" content=\"Curso de Community Manager Online en Vivo (30h) | Gestiona Redes Sociales y Potencia tu Marca\" \/>\n<meta property=\"og:description\" content=\"Aprende Community Management con 30h de clases online en vivo. Gestiona redes sociales, crea contenido y obt\u00e9n certificaci\u00f3n digital con mOveUp.\" \/>\n<meta property=\"og:url\" content=\"https:\/\/moveup.website\/virtual\/product\/community-manager\/\" \/>\n<meta property=\"og:site_name\" content=\"mOveUp Learning Hub\" \/>\n<meta property=\"article:publisher\" content=\"https:\/\/web.facebook.com\/mOveUpLabsPeru\/\" \/>\n<meta property=\"article:modified_time\" content=\"2025-04-25T18:31:33+00:00\" \/>\n<meta property=\"og:image\" content=\"https:\/\/moveup.website\/virtual\/wp-content\/uploads\/2024\/01\/AS049.jpg\" \/>\n\t<meta property=\"og:image:width\" content=\"640\" \/>\n\t<meta property=\"og:image:height\" content=\"427\" \/>\n\t<meta property=\"og:image:type\" content=\"image\/jpeg\" \/>\n<meta name=\"twitter:card\" content=\"summary_large_image\" \/>\n<meta name=\"twitter:site\" content=\"@mOveUpLabs\" \/>\n<meta name=\"twitter:label1\" content=\"Disponibilidad\" \/>\n\t<meta name=\"twitter:data1\" content=\"Disponible\" \/>\n<script type=\"application\/ld+json\" class=\"yoast-schema-graph\">{\"@context\":\"https:\/\/schema.org\",\"@graph\":[{\"@type\":\"WebPage\",\"@id\":\"https:\/\/moveup.website\/virtual\/product\/community-manager\/\",\"url\":\"https:\/\/moveup.website\/virtual\/product\/community-manager\/\",\"name\":\"Curso de Community Manager Online en Vivo (30h) | Gestiona Redes Sociales\",\"isPartOf\":{\"@id\":\"https:\/\/moveup.website\/virtual\/#website\"},\"primaryImageOfPage\":{\"@id\":\"https:\/\/moveup.website\/virtual\/product\/community-manager\/#primaryimage\"},\"image\":{\"@id\":\"https:\/\/moveup.website\/virtual\/product\/community-manager\/#primaryimage\"},\"thumbnailUrl\":\"https:\/\/moveup.website\/virtual\/wp-content\/uploads\/2024\/01\/AS049.jpg\",\"datePublished\":\"2024-01-08T12:59:30+00:00\",\"dateModified\":\"2025-04-25T18:31:33+00:00\",\"description\":\"Aprende Community Management con 30h de clases online en vivo. Gestiona redes sociales, crea contenido y obt\u00e9n certificaci\u00f3n digital con mOveUp.\",\"breadcrumb\":{\"@id\":\"https:\/\/moveup.website\/virtual\/product\/community-manager\/#breadcrumb\"},\"inLanguage\":\"es\",\"potentialAction\":[{\"@type\":\"ReadAction\",\"target\":[\"https:\/\/moveup.website\/virtual\/product\/community-manager\/\"]}]},{\"@type\":\"ImageObject\",\"inLanguage\":\"es\",\"@id\":\"https:\/\/moveup.website\/virtual\/product\/community-manager\/#primaryimage\",\"url\":\"https:\/\/moveup.website\/virtual\/wp-content\/uploads\/2024\/01\/AS049.jpg\",\"contentUrl\":\"https:\/\/moveup.website\/virtual\/wp-content\/uploads\/2024\/01\/AS049.jpg\",\"width\":640,\"height\":427,\"caption\":\"Curso Online en Vivo de Community Manager con 30h y certificaci\u00f3n en mOveUp Learning Hub\"},{\"@type\":\"BreadcrumbList\",\"@id\":\"https:\/\/moveup.website\/virtual\/product\/community-manager\/#breadcrumb\",\"itemListElement\":[{\"@type\":\"ListItem\",\"position\":1,\"name\":\"Portada\",\"item\":\"https:\/\/moveup.website\/virtual\/\"},{\"@type\":\"ListItem\",\"position\":2,\"name\":\"Shop\",\"item\":\"https:\/\/moveup.website\/virtual\/shop\/\"},{\"@type\":\"ListItem\",\"position\":3,\"name\":\"Curso de Community Manager Online en Vivo (30h) | Gestiona Redes Sociales y Potencia tu Marca\"}]},{\"@type\":\"WebSite\",\"@id\":\"https:\/\/moveup.website\/virtual\/#website\",\"url\":\"https:\/\/moveup.website\/virtual\/\",\"name\":\"https:\/\/moveup.website\/virtual\",\"description\":\"soluciones educativas, learning hub\",\"publisher\":{\"@id\":\"https:\/\/moveup.website\/virtual\/#organization\"},\"alternateName\":\"https:\/\/moveup.website\",\"inLanguage\":\"es\"},{\"@type\":\"Organization\",\"@id\":\"https:\/\/moveup.website\/virtual\/#organization\",\"name\":\"mOveUp Labs Learning Hub\",\"url\":\"https:\/\/moveup.website\/virtual\/\",\"logo\":{\"@type\":\"ImageObject\",\"inLanguage\":\"es\",\"@id\":\"https:\/\/moveup.website\/virtual\/#\/schema\/logo\/image\/\",\"url\":\"https:\/\/moveup.website\/virtual\/wp-content\/uploads\/2023\/11\/mOveUp-Labs-Logo-2023.png\",\"contentUrl\":\"https:\/\/moveup.website\/virtual\/wp-content\/uploads\/2023\/11\/mOveUp-Labs-Logo-2023.png\",\"width\":426,\"height\":221,\"caption\":\"mOveUp Labs Learning Hub\"},\"image\":{\"@id\":\"https:\/\/moveup.website\/virtual\/#\/schema\/logo\/image\/\"},\"sameAs\":[\"https:\/\/web.facebook.com\/mOveUpLabsPeru\/\",\"https:\/\/x.com\/mOveUpLabs\"]}]}<\/script>\n<meta property=\"og:availability\" content=\"instock\" \/>\n<meta property=\"product:availability\" content=\"instock\" \/>\n<meta property=\"product:condition\" content=\"new\" \/>\n<!-- \/ Yoast SEO Premium plugin. -->","yoast_head_json":{"title":"Curso de Community Manager Online en Vivo (30h) | Gestiona Redes Sociales","description":"Aprende Community Management con 30h de clases online en vivo. Gestiona redes sociales, crea contenido y obt\u00e9n certificaci\u00f3n digital con mOveUp.","robots":{"index":"index","follow":"follow","max-snippet":"max-snippet:-1","max-image-preview":"max-image-preview:large","max-video-preview":"max-video-preview:-1"},"canonical":"https:\/\/moveup.website\/virtual\/product\/community-manager\/","og_locale":"es_ES","og_type":"article","og_title":"Curso de Community Manager Online en Vivo (30h) | Gestiona Redes Sociales y Potencia tu Marca","og_description":"Aprende Community Management con 30h de clases online en vivo. Gestiona redes sociales, crea contenido y obt\u00e9n certificaci\u00f3n digital con mOveUp.","og_url":"https:\/\/moveup.website\/virtual\/product\/community-manager\/","og_site_name":"mOveUp Learning Hub","article_publisher":"https:\/\/web.facebook.com\/mOveUpLabsPeru\/","article_modified_time":"2025-04-25T18:31:33+00:00","og_image":[{"width":640,"height":427,"url":"https:\/\/moveup.website\/virtual\/wp-content\/uploads\/2024\/01\/AS049.jpg","type":"image\/jpeg"}],"twitter_card":"summary_large_image","twitter_site":"@mOveUpLabs","twitter_misc":{"Disponibilidad":"Disponible"},"schema":{"@context":"https:\/\/schema.org","@graph":[{"@type":"WebPage","@id":"https:\/\/moveup.website\/virtual\/product\/community-manager\/","url":"https:\/\/moveup.website\/virtual\/product\/community-manager\/","name":"Curso de Community Manager Online en Vivo (30h) | Gestiona Redes Sociales","isPartOf":{"@id":"https:\/\/moveup.website\/virtual\/#website"},"primaryImageOfPage":{"@id":"https:\/\/moveup.website\/virtual\/product\/community-manager\/#primaryimage"},"image":{"@id":"https:\/\/moveup.website\/virtual\/product\/community-manager\/#primaryimage"},"thumbnailUrl":"https:\/\/moveup.website\/virtual\/wp-content\/uploads\/2024\/01\/AS049.jpg","datePublished":"2024-01-08T12:59:30+00:00","dateModified":"2025-04-25T18:31:33+00:00","description":"Aprende Community Management con 30h de clases online en vivo. Gestiona redes sociales, crea contenido y obt\u00e9n certificaci\u00f3n digital con mOveUp.","breadcrumb":{"@id":"https:\/\/moveup.website\/virtual\/product\/community-manager\/#breadcrumb"},"inLanguage":"es","potentialAction":[{"@type":"ReadAction","target":["https:\/\/moveup.website\/virtual\/product\/community-manager\/"]}]},{"@type":"ImageObject","inLanguage":"es","@id":"https:\/\/moveup.website\/virtual\/product\/community-manager\/#primaryimage","url":"https:\/\/moveup.website\/virtual\/wp-content\/uploads\/2024\/01\/AS049.jpg","contentUrl":"https:\/\/moveup.website\/virtual\/wp-content\/uploads\/2024\/01\/AS049.jpg","width":640,"height":427,"caption":"Curso Online en Vivo de Community Manager con 30h y certificaci\u00f3n en mOveUp Learning Hub"},{"@type":"BreadcrumbList","@id":"https:\/\/moveup.website\/virtual\/product\/community-manager\/#breadcrumb","itemListElement":[{"@type":"ListItem","position":1,"name":"Portada","item":"https:\/\/moveup.website\/virtual\/"},{"@type":"ListItem","position":2,"name":"Shop","item":"https:\/\/moveup.website\/virtual\/shop\/"},{"@type":"ListItem","position":3,"name":"Curso de Community Manager Online en Vivo (30h) | Gestiona Redes Sociales y Potencia tu Marca"}]},{"@type":"WebSite","@id":"https:\/\/moveup.website\/virtual\/#website","url":"https:\/\/moveup.website\/virtual\/","name":"https:\/\/moveup.website\/virtual","description":"soluciones educativas, learning hub","publisher":{"@id":"https:\/\/moveup.website\/virtual\/#organization"},"alternateName":"https:\/\/moveup.website","inLanguage":"es"},{"@type":"Organization","@id":"https:\/\/moveup.website\/virtual\/#organization","name":"mOveUp Labs Learning Hub","url":"https:\/\/moveup.website\/virtual\/","logo":{"@type":"ImageObject","inLanguage":"es","@id":"https:\/\/moveup.website\/virtual\/#\/schema\/logo\/image\/","url":"https:\/\/moveup.website\/virtual\/wp-content\/uploads\/2023\/11\/mOveUp-Labs-Logo-2023.png","contentUrl":"https:\/\/moveup.website\/virtual\/wp-content\/uploads\/2023\/11\/mOveUp-Labs-Logo-2023.png","width":426,"height":221,"caption":"mOveUp Labs Learning Hub"},"image":{"@id":"https:\/\/moveup.website\/virtual\/#\/schema\/logo\/image\/"},"sameAs":["https:\/\/web.facebook.com\/mOveUpLabsPeru\/","https:\/\/x.com\/mOveUpLabs"]}]},"og_availability":"instock","product_availability":"instock","product_condition":"new"},"_links":{"self":[{"href":"https:\/\/moveup.website\/virtual\/wp-json\/wp\/v2\/product\/10684","targetHints":{"allow":["GET"]}}],"collection":[{"href":"https:\/\/moveup.website\/virtual\/wp-json\/wp\/v2\/product"}],"about":[{"href":"https:\/\/moveup.website\/virtual\/wp-json\/wp\/v2\/types\/product"}],"replies":[{"embeddable":true,"href":"https:\/\/moveup.website\/virtual\/wp-json\/wp\/v2\/comments?post=10684"}],"wp:featuredmedia":[{"embeddable":true,"href":"https:\/\/moveup.website\/virtual\/wp-json\/wp\/v2\/media\/10685"}],"wp:attachment":[{"href":"https:\/\/moveup.website\/virtual\/wp-json\/wp\/v2\/media?parent=10684"}],"wp:term":[{"taxonomy":"product_cat","embeddable":true,"href":"https:\/\/moveup.website\/virtual\/wp-json\/wp\/v2\/product_cat?post=10684"},{"taxonomy":"product_tag","embeddable":true,"href":"https:\/\/moveup.website\/virtual\/wp-json\/wp\/v2\/product_tag?post=10684"}],"curies":[{"name":"wp","href":"https:\/\/api.w.org\/{rel}","templated":true}]}}