{"id":10876,"date":"2024-05-22T14:38:35","date_gmt":"2024-05-22T19:38:35","guid":{"rendered":"https:\/\/moveup.website\/virtual\/?post_type=product&#038;p=10876"},"modified":"2025-04-25T13:06:32","modified_gmt":"2025-04-25T18:06:32","slug":"desarrollo-de-juegos-con-roblox-studio","status":"publish","type":"product","link":"https:\/\/moveup.website\/virtual\/product\/desarrollo-de-juegos-con-roblox-studio\/","title":{"rendered":"Curso de Desarrollo de Juegos con Roblox Studio Online en Vivo (20h) | Crea y Programa tus Propios Videojuegos"},"content":{"rendered":"<h3>\ud83d\ude80 Crea y Programa Videojuegos con Roblox Studio<\/h3>\n<p>Sum\u00e9rgete en el mundo de Roblox Studio y transforma tu pasi\u00f3n por los videojuegos en una habilidad creativa y profesional.<br \/>\nEste curso est\u00e1 dise\u00f1ado para j\u00f3venes y adultos que desean aprender a desarrollar su propio juego dentro del ecosistema de Roblox.<\/p>\n<p>A lo largo de las 20 horas de clases online en vivo, aprender\u00e1s a programar, dise\u00f1ar mundos, crear objetos interactivos y mucho m\u00e1s.<\/p>\n<p>&nbsp;<\/p>\n<h3>\u00bfQu\u00e9 aprender\u00e1s con este curso?<\/h3>\n<p>\u2705 Fundamentos de Roblox Studio y su entorno de desarrollo.<br \/>\n\u2705 Creaci\u00f3n de escenarios, personajes y objetos interactivos.<br \/>\n\u2705 Principios b\u00e1sicos de programaci\u00f3n aplicados a videojuegos.<br \/>\n\u2705 Publicaci\u00f3n y gesti\u00f3n de tu propio juego en la plataforma Roblox.<br \/>\n\u2705 Desarrollo de habilidades visuales, l\u00f3gicas y de creatividad.<\/p>\n<p>Al finalizar, tendr\u00e1s tu primer videojuego listo para ser compartido, adem\u00e1s de una base s\u00f3lida en programaci\u00f3n y dise\u00f1o digital.<\/p>\n<p>&nbsp;<\/p>\n<h3>Detalles del Curso:<\/h3>\n<p>\ud83d\udcc5 Modalidad: Online en Vivo con acceso a grabaciones.<\/p>\n<p>\u23f1 Duraci\u00f3n: 20 horas.<\/p>\n<p>\ud83c\udf93 Incluye Certificaci\u00f3n Digital.<\/p>\n<p>\ud83d\udda5\ufe0f Requisito: Alfabetizaci\u00f3n inform\u00e1tica (recomendado).<\/p>\n<p>\ud83d\udc65 Dirigido a: J\u00f3venes desde 10 a\u00f1os y adultos.<\/p>\n<p>\ud83d\udcb3 Facilidades de pago disponibles.<\/p>\n<p>&nbsp;<\/p>\n<p><em><strong>\u00a1Inscr\u00edbete y convi\u00e9rtete en creador de videojuegos con Roblox Studio!<\/strong><\/em><\/p>\n","protected":false},"excerpt":{"rendered":"<p>Aprende a crear y programar videojuegos en Roblox Studio en 20h de clases online en vivo. Dise\u00f1a mundos, desarrolla habilidades digitales y obt\u00e9n tu certificaci\u00f3n.<\/p>\n","protected":false},"featured_media":10877,"comment_status":"open","ping_status":"closed","template":"","meta":{"inline_featured_image":false,"site-sidebar-layout":"default","site-content-layout":"","ast-site-content-layout":"default","site-content-style":"default","site-sidebar-style":"default","ast-global-header-display":"","ast-banner-title-visibility":"","ast-main-header-display":"","ast-hfb-above-header-display":"","ast-hfb-below-header-display":"","ast-hfb-mobile-header-display":"","site-post-title":"","ast-breadcrumbs-content":"","ast-featured-img":"","footer-sml-layout":"","theme-transparent-header-meta":"default","adv-header-id-meta":"","stick-header-meta":"","header-above-stick-meta":"","header-main-stick-meta":"","header-below-stick-meta":"","astra-migrate-meta-layouts":"set","ast-page-background-enabled":"default","ast-page-background-meta":{"desktop":{"background-color":"var(--ast-global-color-4)","background-image":"","background-repeat":"repeat","background-position":"center center","background-size":"auto","background-attachment":"scroll","background-type":"","background-media":"","overlay-type":"","overlay-color":"","overlay-opacity":"","overlay-gradient":""},"tablet":{"background-color":"","background-image":"","background-repeat":"repeat","background-position":"center center","background-size":"auto","background-attachment":"scroll","background-type":"","background-media":"","overlay-type":"","overlay-color":"","overlay-opacity":"","overlay-gradient":""},"mobile":{"background-color":"","background-image":"","background-repeat":"repeat","background-position":"center center","background-size":"auto","background-attachment":"scroll","background-type":"","background-media":"","overlay-type":"","overlay-color":"","overlay-opacity":"","overlay-gradient":""}},"ast-content-background-meta":{"desktop":{"background-color":"var(--ast-global-color-5)","background-image":"","background-repeat":"repeat","background-position":"center center","background-size":"auto","background-attachment":"scroll","background-type":"","background-media":"","overlay-type":"","overlay-color":"","overlay-opacity":"","overlay-gradient":""},"tablet":{"background-color":"var(--ast-global-color-5)","background-image":"","background-repeat":"repeat","background-position":"center center","background-size":"auto","background-attachment":"scroll","background-type":"","background-media":"","overlay-type":"","overlay-color":"","overlay-opacity":"","overlay-gradient":""},"mobile":{"background-color":"var(--ast-global-color-5)","background-image":"","background-repeat":"repeat","background-position":"center center","background-size":"auto","background-attachment":"scroll","background-type":"","background-media":"","overlay-type":"","overlay-color":"","overlay-opacity":"","overlay-gradient":""}},"_joinchat":[]},"product_cat":[213],"product_tag":[199,210,208,165],"class_list":{"0":"post-10876","1":"product","2":"type-product","3":"status-publish","4":"has-post-thumbnail","6":"product_cat-desarrollo-web-y-programacion","7":"product_tag-habilidades","8":"product_tag-interactividad","9":"product_tag-programacion","10":"product_tag-tecnologia","11":"desktop-align-left","12":"tablet-align-left","13":"mobile-align-left","15":"first","16":"instock","17":"sale","18":"shipping-taxable","19":"purchasable","20":"product-type-variable"},"acf":[],"yoast_head":"<!-- This site is optimized with the Yoast SEO Premium plugin v21.6 (Yoast SEO v22.7) - https:\/\/yoast.com\/wordpress\/plugins\/seo\/ -->\n<title>Curso de Roblox Studio Online en Vivo (20h) | Crea Videojuegos<\/title>\n<meta name=\"description\" content=\"Aprende a crear videojuegos con Roblox Studio en 20h de clases online en vivo. Programa, dise\u00f1a y obt\u00e9n certificaci\u00f3n digital con mOveUp.\" \/>\n<meta name=\"robots\" content=\"index, follow, max-snippet:-1, max-image-preview:large, max-video-preview:-1\" \/>\n<link rel=\"canonical\" href=\"https:\/\/moveup.website\/virtual\/product\/desarrollo-de-juegos-con-roblox-studio\/\" \/>\n<meta property=\"og:locale\" content=\"es_ES\" \/>\n<meta property=\"og:type\" content=\"article\" \/>\n<meta property=\"og:title\" content=\"Curso de Desarrollo de Juegos con Roblox Studio Online en Vivo (20h) | Crea y Programa tus Propios Videojuegos\" \/>\n<meta property=\"og:description\" content=\"Aprende a crear videojuegos con Roblox Studio en 20h de clases online en vivo. Programa, dise\u00f1a y obt\u00e9n certificaci\u00f3n digital con mOveUp.\" \/>\n<meta property=\"og:url\" content=\"https:\/\/moveup.website\/virtual\/product\/desarrollo-de-juegos-con-roblox-studio\/\" \/>\n<meta property=\"og:site_name\" content=\"mOveUp Learning Hub\" \/>\n<meta property=\"article:publisher\" content=\"https:\/\/web.facebook.com\/mOveUpLabsPeru\/\" \/>\n<meta property=\"article:modified_time\" content=\"2025-04-25T18:06:32+00:00\" \/>\n<meta property=\"og:image\" content=\"https:\/\/moveup.website\/virtual\/wp-content\/uploads\/2024\/05\/AS051.jpg\" \/>\n\t<meta property=\"og:image:width\" content=\"640\" \/>\n\t<meta property=\"og:image:height\" content=\"427\" \/>\n\t<meta property=\"og:image:type\" content=\"image\/jpeg\" \/>\n<meta name=\"twitter:card\" content=\"summary_large_image\" \/>\n<meta name=\"twitter:site\" content=\"@mOveUpLabs\" \/>\n<meta name=\"twitter:label1\" content=\"Disponibilidad\" \/>\n\t<meta name=\"twitter:data1\" content=\"Disponible\" \/>\n<script type=\"application\/ld+json\" class=\"yoast-schema-graph\">{\"@context\":\"https:\/\/schema.org\",\"@graph\":[{\"@type\":\"WebPage\",\"@id\":\"https:\/\/moveup.website\/virtual\/product\/desarrollo-de-juegos-con-roblox-studio\/\",\"url\":\"https:\/\/moveup.website\/virtual\/product\/desarrollo-de-juegos-con-roblox-studio\/\",\"name\":\"Curso de Roblox Studio Online en Vivo (20h) | Crea Videojuegos\",\"isPartOf\":{\"@id\":\"https:\/\/moveup.website\/virtual\/#website\"},\"primaryImageOfPage\":{\"@id\":\"https:\/\/moveup.website\/virtual\/product\/desarrollo-de-juegos-con-roblox-studio\/#primaryimage\"},\"image\":{\"@id\":\"https:\/\/moveup.website\/virtual\/product\/desarrollo-de-juegos-con-roblox-studio\/#primaryimage\"},\"thumbnailUrl\":\"https:\/\/moveup.website\/virtual\/wp-content\/uploads\/2024\/05\/AS051.jpg\",\"datePublished\":\"2024-05-22T19:38:35+00:00\",\"dateModified\":\"2025-04-25T18:06:32+00:00\",\"description\":\"Aprende a crear videojuegos con Roblox Studio en 20h de clases online en vivo. Programa, dise\u00f1a y obt\u00e9n certificaci\u00f3n digital con mOveUp.\",\"breadcrumb\":{\"@id\":\"https:\/\/moveup.website\/virtual\/product\/desarrollo-de-juegos-con-roblox-studio\/#breadcrumb\"},\"inLanguage\":\"es\",\"potentialAction\":[{\"@type\":\"ReadAction\",\"target\":[\"https:\/\/moveup.website\/virtual\/product\/desarrollo-de-juegos-con-roblox-studio\/\"]}]},{\"@type\":\"ImageObject\",\"inLanguage\":\"es\",\"@id\":\"https:\/\/moveup.website\/virtual\/product\/desarrollo-de-juegos-con-roblox-studio\/#primaryimage\",\"url\":\"https:\/\/moveup.website\/virtual\/wp-content\/uploads\/2024\/05\/AS051.jpg\",\"contentUrl\":\"https:\/\/moveup.website\/virtual\/wp-content\/uploads\/2024\/05\/AS051.jpg\",\"width\":640,\"height\":427,\"caption\":\"Curso Online en Vivo de Desarrollo de Juegos con Roblox Studio (20h) y certificaci\u00f3n en mOveUp\"},{\"@type\":\"BreadcrumbList\",\"@id\":\"https:\/\/moveup.website\/virtual\/product\/desarrollo-de-juegos-con-roblox-studio\/#breadcrumb\",\"itemListElement\":[{\"@type\":\"ListItem\",\"position\":1,\"name\":\"Portada\",\"item\":\"https:\/\/moveup.website\/virtual\/\"},{\"@type\":\"ListItem\",\"position\":2,\"name\":\"Shop\",\"item\":\"https:\/\/moveup.website\/virtual\/shop\/\"},{\"@type\":\"ListItem\",\"position\":3,\"name\":\"Curso de Desarrollo de Juegos con Roblox Studio Online en Vivo (20h) | Crea y Programa tus Propios Videojuegos\"}]},{\"@type\":\"WebSite\",\"@id\":\"https:\/\/moveup.website\/virtual\/#website\",\"url\":\"https:\/\/moveup.website\/virtual\/\",\"name\":\"https:\/\/moveup.website\/virtual\",\"description\":\"soluciones educativas, learning hub\",\"publisher\":{\"@id\":\"https:\/\/moveup.website\/virtual\/#organization\"},\"alternateName\":\"https:\/\/moveup.website\",\"inLanguage\":\"es\"},{\"@type\":\"Organization\",\"@id\":\"https:\/\/moveup.website\/virtual\/#organization\",\"name\":\"mOveUp Labs Learning Hub\",\"url\":\"https:\/\/moveup.website\/virtual\/\",\"logo\":{\"@type\":\"ImageObject\",\"inLanguage\":\"es\",\"@id\":\"https:\/\/moveup.website\/virtual\/#\/schema\/logo\/image\/\",\"url\":\"https:\/\/moveup.website\/virtual\/wp-content\/uploads\/2023\/11\/mOveUp-Labs-Logo-2023.png\",\"contentUrl\":\"https:\/\/moveup.website\/virtual\/wp-content\/uploads\/2023\/11\/mOveUp-Labs-Logo-2023.png\",\"width\":426,\"height\":221,\"caption\":\"mOveUp Labs Learning Hub\"},\"image\":{\"@id\":\"https:\/\/moveup.website\/virtual\/#\/schema\/logo\/image\/\"},\"sameAs\":[\"https:\/\/web.facebook.com\/mOveUpLabsPeru\/\",\"https:\/\/x.com\/mOveUpLabs\"]}]}<\/script>\n<meta property=\"og:availability\" content=\"instock\" \/>\n<meta property=\"product:availability\" content=\"instock\" \/>\n<meta property=\"product:condition\" content=\"new\" \/>\n<!-- \/ Yoast SEO Premium plugin. -->","yoast_head_json":{"title":"Curso de Roblox Studio Online en Vivo (20h) | Crea Videojuegos","description":"Aprende a crear videojuegos con Roblox Studio en 20h de clases online en vivo. Programa, dise\u00f1a y obt\u00e9n certificaci\u00f3n digital con mOveUp.","robots":{"index":"index","follow":"follow","max-snippet":"max-snippet:-1","max-image-preview":"max-image-preview:large","max-video-preview":"max-video-preview:-1"},"canonical":"https:\/\/moveup.website\/virtual\/product\/desarrollo-de-juegos-con-roblox-studio\/","og_locale":"es_ES","og_type":"article","og_title":"Curso de Desarrollo de Juegos con Roblox Studio Online en Vivo (20h) | Crea y Programa tus Propios Videojuegos","og_description":"Aprende a crear videojuegos con Roblox Studio en 20h de clases online en vivo. Programa, dise\u00f1a y obt\u00e9n certificaci\u00f3n digital con mOveUp.","og_url":"https:\/\/moveup.website\/virtual\/product\/desarrollo-de-juegos-con-roblox-studio\/","og_site_name":"mOveUp Learning Hub","article_publisher":"https:\/\/web.facebook.com\/mOveUpLabsPeru\/","article_modified_time":"2025-04-25T18:06:32+00:00","og_image":[{"width":640,"height":427,"url":"https:\/\/moveup.website\/virtual\/wp-content\/uploads\/2024\/05\/AS051.jpg","type":"image\/jpeg"}],"twitter_card":"summary_large_image","twitter_site":"@mOveUpLabs","twitter_misc":{"Disponibilidad":"Disponible"},"schema":{"@context":"https:\/\/schema.org","@graph":[{"@type":"WebPage","@id":"https:\/\/moveup.website\/virtual\/product\/desarrollo-de-juegos-con-roblox-studio\/","url":"https:\/\/moveup.website\/virtual\/product\/desarrollo-de-juegos-con-roblox-studio\/","name":"Curso de Roblox Studio Online en Vivo (20h) | Crea Videojuegos","isPartOf":{"@id":"https:\/\/moveup.website\/virtual\/#website"},"primaryImageOfPage":{"@id":"https:\/\/moveup.website\/virtual\/product\/desarrollo-de-juegos-con-roblox-studio\/#primaryimage"},"image":{"@id":"https:\/\/moveup.website\/virtual\/product\/desarrollo-de-juegos-con-roblox-studio\/#primaryimage"},"thumbnailUrl":"https:\/\/moveup.website\/virtual\/wp-content\/uploads\/2024\/05\/AS051.jpg","datePublished":"2024-05-22T19:38:35+00:00","dateModified":"2025-04-25T18:06:32+00:00","description":"Aprende a crear videojuegos con Roblox Studio en 20h de clases online en vivo. Programa, dise\u00f1a y obt\u00e9n certificaci\u00f3n digital con mOveUp.","breadcrumb":{"@id":"https:\/\/moveup.website\/virtual\/product\/desarrollo-de-juegos-con-roblox-studio\/#breadcrumb"},"inLanguage":"es","potentialAction":[{"@type":"ReadAction","target":["https:\/\/moveup.website\/virtual\/product\/desarrollo-de-juegos-con-roblox-studio\/"]}]},{"@type":"ImageObject","inLanguage":"es","@id":"https:\/\/moveup.website\/virtual\/product\/desarrollo-de-juegos-con-roblox-studio\/#primaryimage","url":"https:\/\/moveup.website\/virtual\/wp-content\/uploads\/2024\/05\/AS051.jpg","contentUrl":"https:\/\/moveup.website\/virtual\/wp-content\/uploads\/2024\/05\/AS051.jpg","width":640,"height":427,"caption":"Curso Online en Vivo de Desarrollo de Juegos con Roblox Studio (20h) y certificaci\u00f3n en mOveUp"},{"@type":"BreadcrumbList","@id":"https:\/\/moveup.website\/virtual\/product\/desarrollo-de-juegos-con-roblox-studio\/#breadcrumb","itemListElement":[{"@type":"ListItem","position":1,"name":"Portada","item":"https:\/\/moveup.website\/virtual\/"},{"@type":"ListItem","position":2,"name":"Shop","item":"https:\/\/moveup.website\/virtual\/shop\/"},{"@type":"ListItem","position":3,"name":"Curso de Desarrollo de Juegos con Roblox Studio Online en Vivo (20h) | Crea y Programa tus Propios Videojuegos"}]},{"@type":"WebSite","@id":"https:\/\/moveup.website\/virtual\/#website","url":"https:\/\/moveup.website\/virtual\/","name":"https:\/\/moveup.website\/virtual","description":"soluciones educativas, learning hub","publisher":{"@id":"https:\/\/moveup.website\/virtual\/#organization"},"alternateName":"https:\/\/moveup.website","inLanguage":"es"},{"@type":"Organization","@id":"https:\/\/moveup.website\/virtual\/#organization","name":"mOveUp Labs Learning Hub","url":"https:\/\/moveup.website\/virtual\/","logo":{"@type":"ImageObject","inLanguage":"es","@id":"https:\/\/moveup.website\/virtual\/#\/schema\/logo\/image\/","url":"https:\/\/moveup.website\/virtual\/wp-content\/uploads\/2023\/11\/mOveUp-Labs-Logo-2023.png","contentUrl":"https:\/\/moveup.website\/virtual\/wp-content\/uploads\/2023\/11\/mOveUp-Labs-Logo-2023.png","width":426,"height":221,"caption":"mOveUp Labs Learning Hub"},"image":{"@id":"https:\/\/moveup.website\/virtual\/#\/schema\/logo\/image\/"},"sameAs":["https:\/\/web.facebook.com\/mOveUpLabsPeru\/","https:\/\/x.com\/mOveUpLabs"]}]},"og_availability":"instock","product_availability":"instock","product_condition":"new"},"_links":{"self":[{"href":"https:\/\/moveup.website\/virtual\/wp-json\/wp\/v2\/product\/10876","targetHints":{"allow":["GET"]}}],"collection":[{"href":"https:\/\/moveup.website\/virtual\/wp-json\/wp\/v2\/product"}],"about":[{"href":"https:\/\/moveup.website\/virtual\/wp-json\/wp\/v2\/types\/product"}],"replies":[{"embeddable":true,"href":"https:\/\/moveup.website\/virtual\/wp-json\/wp\/v2\/comments?post=10876"}],"wp:featuredmedia":[{"embeddable":true,"href":"https:\/\/moveup.website\/virtual\/wp-json\/wp\/v2\/media\/10877"}],"wp:attachment":[{"href":"https:\/\/moveup.website\/virtual\/wp-json\/wp\/v2\/media?parent=10876"}],"wp:term":[{"taxonomy":"product_cat","embeddable":true,"href":"https:\/\/moveup.website\/virtual\/wp-json\/wp\/v2\/product_cat?post=10876"},{"taxonomy":"product_tag","embeddable":true,"href":"https:\/\/moveup.website\/virtual\/wp-json\/wp\/v2\/product_tag?post=10876"}],"curies":[{"name":"wp","href":"https:\/\/api.w.org\/{rel}","templated":true}]}}