{"id":14,"date":"2018-01-15T21:22:17","date_gmt":"2018-01-15T21:22:17","guid":{"rendered":"https:\/\/moveup.website\/web\/?page_id=14"},"modified":"2022-09-17T11:20:34","modified_gmt":"2022-09-17T16:20:34","slug":"soluciones-de-gestion-educativa","status":"publish","type":"page","link":"https:\/\/moveup.website\/web\/soluciones-de-gestion-educativa\/","title":{"rendered":"Soluciones de Gesti\u00f3n Educativa"},"content":{"rendered":"\t\t<div data-elementor-type=\"wp-page\" data-elementor-id=\"14\" class=\"elementor elementor-14\" data-elementor-post-type=\"page\">\n\t\t\t\t\t\t<section class=\"elementor-section elementor-top-section elementor-element elementor-element-5f400956 elementor-section-full_width elementor-section-height-min-height elementor-section-height-default elementor-section-items-middle\" data-id=\"5f400956\" data-element_type=\"section\" data-settings=\"{&quot;background_background&quot;:&quot;slideshow&quot;,&quot;background_slideshow_gallery&quot;:[{&quot;id&quot;:1432,&quot;url&quot;:&quot;https:\\\/\\\/moveup.website\\\/web\\\/wp-content\\\/uploads\\\/2022\\\/09\\\/jovenesSalon.jpg&quot;},{&quot;id&quot;:1433,&quot;url&quot;:&quot;https:\\\/\\\/moveup.website\\\/web\\\/wp-content\\\/uploads\\\/2022\\\/09\\\/ninosEstudiando.jpg&quot;},{&quot;id&quot;:1434,&quot;url&quot;:&quot;https:\\\/\\\/moveup.website\\\/web\\\/wp-content\\\/uploads\\\/2022\\\/09\\\/ninosEstudiando2.jpg&quot;}],&quot;background_slideshow_loop&quot;:&quot;yes&quot;,&quot;background_slideshow_slide_duration&quot;:5000,&quot;background_slideshow_slide_transition&quot;:&quot;fade&quot;,&quot;background_slideshow_transition_duration&quot;:500}\">\n\t\t\t\t\t\t<div class=\"elementor-container elementor-column-gap-default\">\n\t\t\t\t\t<div class=\"elementor-column elementor-col-100 elementor-top-column elementor-element elementor-element-6657ea37\" data-id=\"6657ea37\" data-element_type=\"column\">\n\t\t\t<div class=\"elementor-widget-wrap\">\n\t\t\t\t\t\t\t<\/div>\n\t\t<\/div>\n\t\t\t\t\t<\/div>\n\t\t<\/section>\n\t\t\t\t<section class=\"elementor-section elementor-top-section elementor-element elementor-element-80b7cd7 elementor-section-boxed elementor-section-height-default elementor-section-height-default\" data-id=\"80b7cd7\" data-element_type=\"section\">\n\t\t\t\t\t\t<div class=\"elementor-container elementor-column-gap-default\">\n\t\t\t\t\t<div class=\"elementor-column elementor-col-100 elementor-top-column elementor-element elementor-element-e6b2372\" data-id=\"e6b2372\" data-element_type=\"column\">\n\t\t\t<div class=\"elementor-widget-wrap elementor-element-populated\">\n\t\t\t\t\t\t<div class=\"elementor-element elementor-element-b8f619b elementor-widget elementor-widget-text-editor\" data-id=\"b8f619b\" data-element_type=\"widget\" data-widget_type=\"text-editor.default\">\n\t\t\t\t<div class=\"elementor-widget-container\">\n\t\t\t\t\t\t\t\t\t<div class=\"modulo\">\r\n<div class=\"ancho55\"><img fetchpriority=\"high\" decoding=\"async\" class=\"alignnone wp-image-97 aligncenter\" src=\"https:\/\/moveup.website\/web\/wp-content\/uploads\/2018\/02\/foto1-300x188.jpg\" alt=\"\" width=\"472\" height=\"296\" srcset=\"https:\/\/moveup.website\/web\/wp-content\/uploads\/2018\/02\/foto1-300x188.jpg 300w, https:\/\/moveup.website\/web\/wp-content\/uploads\/2018\/02\/foto1.jpg 600w\" sizes=\"(max-width: 472px) 100vw, 472px\" \/><\/div>\r\n<div class=\"ancho45Impar\">\r\n<h1><span style=\"font-family: arial, helvetica, sans-serif;\">Capacitaci\u00f3n docente y virtualizaci\u00f3n de cursos<\/span><\/h1>\r\n<h2 style=\"font-size: 20px;\"><span style=\"color: #800000;\"><em>Al aplicar la tecnolog\u00eda en mis cursos, logro incrementar el compromiso y colaboraci\u00f3n, a trav\u00e9s de una mayor participaci\u00f3n de todos los que integramos la clase.<\/em><\/span><\/h2>\r\n<\/div>\r\n<\/div>\r\n<div class=\"modulo\">\r\n<div class=\"ancho45Par\">\r\n<h1><span style=\"font-family: arial, helvetica, sans-serif;\">Capacitaciones empresariales y de personal<\/span><\/h1>\r\n<h2 style=\"font-size: 20px;\"><span style=\"color: #800000;\"><em>Conducir a la empresa a una mayor rentabilidad y a los empleados a tener una actitud m\u00e1s positiva. Mejorar el conocimiento del puesto a todos los niveles, Elevar la moral de la fuerza laboral ayudar al personal a identificarse con los objetivos de la empresa.<\/em><\/span><\/h2>\r\n<\/div>\r\n<div class=\"ancho55\"><img decoding=\"async\" class=\"wp-image-168 size-medium aligncenter\" src=\"https:\/\/moveup.website\/web\/wp-content\/uploads\/2018\/02\/foto2-300x188.jpg\" alt=\"\" width=\"472\" height=\"296\" srcset=\"https:\/\/moveup.website\/web\/wp-content\/uploads\/2018\/02\/foto2-300x188.jpg 300w, https:\/\/moveup.website\/web\/wp-content\/uploads\/2018\/02\/foto2.jpg 600w\" sizes=\"(max-width: 472px) 100vw, 472px\" \/><\/div>\r\n<\/div>\r\n<div class=\"modulo\">\r\n<div>\r\n<h1><span style=\"font-family: arial, helvetica, sans-serif;\">Gesti\u00f3n de Instituciones Educativas<\/span><\/h1>\r\n<h2 style=\"font-size: 20px;\"><span style=\"color: #800000;\"><em>Estamos convencidos que la educaci\u00f3n no puede separarse de las personas que brindan este servicio, de sus competencias y determinaci\u00f3n.\r\nEs por ello que la gesti\u00f3n y la innovaci\u00f3n en educaci\u00f3n representan elementos clave en la realizaci\u00f3n de un acto educativo cualitativo, que sirve a los valores y principios socioculturales, econ\u00f3micos y democr\u00e1ticos. <\/em><\/span><\/h2>\r\n<h2 style=\"font-size: 20px;\"><span style=\"color: #800000;\"><em>La correcta y eficiente gesti\u00f3n no solo representa un elemento fundamental, sino que tambi\u00e9n es obligatorio para el funcionamiento de los sistemas organizacionales y sociales.<\/em><\/span><\/h2>\r\n<\/div>\r\n<\/div>\t\t\t\t\t\t\t\t<\/div>\n\t\t\t\t<\/div>\n\t\t\t\t\t<\/div>\n\t\t<\/div>\n\t\t\t\t\t<\/div>\n\t\t<\/section>\n\t\t\t\t<\/div>\n\t\t<!-- AddThis Advanced Settings generic via filter on the_content --><!-- AddThis Share Buttons generic via filter on the_content -->","protected":false},"excerpt":{"rendered":"<p>Capacitaci\u00f3n docente y virtualizaci\u00f3n de cursos Al aplicar la tecnolog\u00eda en mis cursos, logro incrementar el compromiso y colaboraci\u00f3n, a trav\u00e9s de una mayor participaci\u00f3n de todos los que integramos la clase. Capacitaciones empresariales y de personal Conducir a la empresa a una mayor rentabilidad y a los empleados a tener una actitud m\u00e1s positiva.&hellip;<\/p>\n<p class=\"more-link\"><a href=\"https:\/\/moveup.website\/web\/soluciones-de-gestion-educativa\/\" class=\"themebutton2\">Read More<\/a><\/p>\n<p><!-- AddThis Advanced Settings generic via filter on get_the_excerpt --><!-- AddThis Share Buttons generic via filter on get_the_excerpt --><\/p>\n","protected":false},"author":1,"featured_media":0,"parent":0,"menu_order":0,"comment_status":"closed","ping_status":"closed","template":"","meta":{"footnotes":""},"yoast_head":"<!-- This site is optimized with the Yoast SEO Premium plugin v22.2 (Yoast SEO v22.7) - https:\/\/yoast.com\/wordpress\/plugins\/seo\/ -->\n<title>Soluciones de Gesti\u00f3n Educativa - mOveUp Labs<\/title>\n<meta name=\"robots\" content=\"index, follow, max-snippet:-1, max-image-preview:large, max-video-preview:-1\" \/>\n<link rel=\"canonical\" href=\"https:\/\/moveup.website\/web\/soluciones-de-gestion-educativa\/\" \/>\n<meta property=\"og:locale\" content=\"es_ES\" \/>\n<meta property=\"og:type\" content=\"article\" \/>\n<meta property=\"og:title\" content=\"Soluciones de Gesti\u00f3n Educativa\" \/>\n<meta property=\"og:description\" content=\"Capacitaci\u00f3n docente y virtualizaci\u00f3n de cursos Al aplicar la tecnolog\u00eda en mis cursos, logro incrementar el compromiso y colaboraci\u00f3n, a trav\u00e9s de una mayor participaci\u00f3n de todos los que integramos la clase. Capacitaciones empresariales y de personal Conducir a la empresa a una mayor rentabilidad y a los empleados a tener una actitud m\u00e1s positiva.&hellip;Read More\" \/>\n<meta property=\"og:url\" content=\"https:\/\/moveup.website\/web\/soluciones-de-gestion-educativa\/\" \/>\n<meta property=\"og:site_name\" content=\"mOveUp Labs\" \/>\n<meta property=\"article:publisher\" content=\"https:\/\/www.facebook.com\/mOveUpLabsPeru\" \/>\n<meta property=\"article:modified_time\" content=\"2022-09-17T16:20:34+00:00\" \/>\n<meta property=\"og:image\" content=\"https:\/\/moveup.website\/web\/wp-content\/uploads\/2018\/02\/foto1-300x188.jpg\" \/>\n<meta name=\"twitter:card\" content=\"summary_large_image\" \/>\n<meta name=\"twitter:site\" content=\"@mOveUpLabs\" \/>\n<meta name=\"twitter:label1\" content=\"Est. reading time\" \/>\n\t<meta name=\"twitter:data1\" content=\"1 minuto\" \/>\n<script type=\"application\/ld+json\" class=\"yoast-schema-graph\">{\"@context\":\"https:\/\/schema.org\",\"@graph\":[{\"@type\":\"WebPage\",\"@id\":\"https:\/\/moveup.website\/web\/soluciones-de-gestion-educativa\/\",\"url\":\"https:\/\/moveup.website\/web\/soluciones-de-gestion-educativa\/\",\"name\":\"Soluciones de Gesti\u00f3n Educativa - mOveUp Labs\",\"isPartOf\":{\"@id\":\"https:\/\/moveup.website\/web\/#website\"},\"primaryImageOfPage\":{\"@id\":\"https:\/\/moveup.website\/web\/soluciones-de-gestion-educativa\/#primaryimage\"},\"image\":{\"@id\":\"https:\/\/moveup.website\/web\/soluciones-de-gestion-educativa\/#primaryimage\"},\"thumbnailUrl\":\"https:\/\/moveup.website\/web\/wp-content\/uploads\/2018\/02\/foto1-300x188.jpg\",\"datePublished\":\"2018-01-15T21:22:17+00:00\",\"dateModified\":\"2022-09-17T16:20:34+00:00\",\"breadcrumb\":{\"@id\":\"https:\/\/moveup.website\/web\/soluciones-de-gestion-educativa\/#breadcrumb\"},\"inLanguage\":\"es\",\"potentialAction\":[{\"@type\":\"ReadAction\",\"target\":[\"https:\/\/moveup.website\/web\/soluciones-de-gestion-educativa\/\"]}]},{\"@type\":\"ImageObject\",\"inLanguage\":\"es\",\"@id\":\"https:\/\/moveup.website\/web\/soluciones-de-gestion-educativa\/#primaryimage\",\"url\":\"https:\/\/moveup.website\/web\/wp-content\/uploads\/2018\/02\/foto1.jpg\",\"contentUrl\":\"https:\/\/moveup.website\/web\/wp-content\/uploads\/2018\/02\/foto1.jpg\",\"width\":600,\"height\":375},{\"@type\":\"BreadcrumbList\",\"@id\":\"https:\/\/moveup.website\/web\/soluciones-de-gestion-educativa\/#breadcrumb\",\"itemListElement\":[{\"@type\":\"ListItem\",\"position\":1,\"name\":\"Portada\",\"item\":\"https:\/\/moveup.website\/web\/\"},{\"@type\":\"ListItem\",\"position\":2,\"name\":\"Soluciones de Gesti\u00f3n Educativa\"}]},{\"@type\":\"WebSite\",\"@id\":\"https:\/\/moveup.website\/web\/#website\",\"url\":\"https:\/\/moveup.website\/web\/\",\"name\":\"mOveUp Labs Learning Hub\",\"description\":\"Transforma los modelos empresariales, operativos y tecnol\u00f3gicos de nuestros socios y clientes para la era digital\",\"publisher\":{\"@id\":\"https:\/\/moveup.website\/web\/#organization\"},\"potentialAction\":[{\"@type\":\"SearchAction\",\"target\":{\"@type\":\"EntryPoint\",\"urlTemplate\":\"https:\/\/moveup.website\/web\/?s={search_term_string}\"},\"query-input\":\"required name=search_term_string\"}],\"inLanguage\":\"es\"},{\"@type\":\"Organization\",\"@id\":\"https:\/\/moveup.website\/web\/#organization\",\"name\":\"mOveUp Labs Learning Hub\",\"url\":\"https:\/\/moveup.website\/web\/\",\"logo\":{\"@type\":\"ImageObject\",\"inLanguage\":\"es\",\"@id\":\"https:\/\/moveup.website\/web\/#\/schema\/logo\/image\/\",\"url\":\"https:\/\/moveup.website\/web\/wp-content\/uploads\/2018\/01\/logo-mOveUp.png\",\"contentUrl\":\"https:\/\/moveup.website\/web\/wp-content\/uploads\/2018\/01\/logo-mOveUp.png\",\"width\":235,\"height\":120,\"caption\":\"mOveUp Labs Learning Hub\"},\"image\":{\"@id\":\"https:\/\/moveup.website\/web\/#\/schema\/logo\/image\/\"},\"sameAs\":[\"https:\/\/www.facebook.com\/mOveUpLabsPeru\",\"https:\/\/x.com\/mOveUpLabs\",\"https:\/\/www.tiktok.com\/@moveup.labs\"]}]}<\/script>\n<!-- \/ Yoast SEO Premium plugin. -->","yoast_head_json":{"title":"Soluciones de Gesti\u00f3n Educativa - mOveUp Labs","robots":{"index":"index","follow":"follow","max-snippet":"max-snippet:-1","max-image-preview":"max-image-preview:large","max-video-preview":"max-video-preview:-1"},"canonical":"https:\/\/moveup.website\/web\/soluciones-de-gestion-educativa\/","og_locale":"es_ES","og_type":"article","og_title":"Soluciones de Gesti\u00f3n Educativa","og_description":"Capacitaci\u00f3n docente y virtualizaci\u00f3n de cursos Al aplicar la tecnolog\u00eda en mis cursos, logro incrementar el compromiso y colaboraci\u00f3n, a trav\u00e9s de una mayor participaci\u00f3n de todos los que integramos la clase. Capacitaciones empresariales y de personal Conducir a la empresa a una mayor rentabilidad y a los empleados a tener una actitud m\u00e1s positiva.&hellip;Read More","og_url":"https:\/\/moveup.website\/web\/soluciones-de-gestion-educativa\/","og_site_name":"mOveUp Labs","article_publisher":"https:\/\/www.facebook.com\/mOveUpLabsPeru","article_modified_time":"2022-09-17T16:20:34+00:00","og_image":[{"url":"https:\/\/moveup.website\/web\/wp-content\/uploads\/2018\/02\/foto1-300x188.jpg"}],"twitter_card":"summary_large_image","twitter_site":"@mOveUpLabs","twitter_misc":{"Est. reading time":"1 minuto"},"schema":{"@context":"https:\/\/schema.org","@graph":[{"@type":"WebPage","@id":"https:\/\/moveup.website\/web\/soluciones-de-gestion-educativa\/","url":"https:\/\/moveup.website\/web\/soluciones-de-gestion-educativa\/","name":"Soluciones de Gesti\u00f3n Educativa - mOveUp Labs","isPartOf":{"@id":"https:\/\/moveup.website\/web\/#website"},"primaryImageOfPage":{"@id":"https:\/\/moveup.website\/web\/soluciones-de-gestion-educativa\/#primaryimage"},"image":{"@id":"https:\/\/moveup.website\/web\/soluciones-de-gestion-educativa\/#primaryimage"},"thumbnailUrl":"https:\/\/moveup.website\/web\/wp-content\/uploads\/2018\/02\/foto1-300x188.jpg","datePublished":"2018-01-15T21:22:17+00:00","dateModified":"2022-09-17T16:20:34+00:00","breadcrumb":{"@id":"https:\/\/moveup.website\/web\/soluciones-de-gestion-educativa\/#breadcrumb"},"inLanguage":"es","potentialAction":[{"@type":"ReadAction","target":["https:\/\/moveup.website\/web\/soluciones-de-gestion-educativa\/"]}]},{"@type":"ImageObject","inLanguage":"es","@id":"https:\/\/moveup.website\/web\/soluciones-de-gestion-educativa\/#primaryimage","url":"https:\/\/moveup.website\/web\/wp-content\/uploads\/2018\/02\/foto1.jpg","contentUrl":"https:\/\/moveup.website\/web\/wp-content\/uploads\/2018\/02\/foto1.jpg","width":600,"height":375},{"@type":"BreadcrumbList","@id":"https:\/\/moveup.website\/web\/soluciones-de-gestion-educativa\/#breadcrumb","itemListElement":[{"@type":"ListItem","position":1,"name":"Portada","item":"https:\/\/moveup.website\/web\/"},{"@type":"ListItem","position":2,"name":"Soluciones de Gesti\u00f3n Educativa"}]},{"@type":"WebSite","@id":"https:\/\/moveup.website\/web\/#website","url":"https:\/\/moveup.website\/web\/","name":"mOveUp Labs Learning Hub","description":"Transforma los modelos empresariales, operativos y tecnol\u00f3gicos de nuestros socios y clientes para la era digital","publisher":{"@id":"https:\/\/moveup.website\/web\/#organization"},"potentialAction":[{"@type":"SearchAction","target":{"@type":"EntryPoint","urlTemplate":"https:\/\/moveup.website\/web\/?s={search_term_string}"},"query-input":"required name=search_term_string"}],"inLanguage":"es"},{"@type":"Organization","@id":"https:\/\/moveup.website\/web\/#organization","name":"mOveUp Labs Learning Hub","url":"https:\/\/moveup.website\/web\/","logo":{"@type":"ImageObject","inLanguage":"es","@id":"https:\/\/moveup.website\/web\/#\/schema\/logo\/image\/","url":"https:\/\/moveup.website\/web\/wp-content\/uploads\/2018\/01\/logo-mOveUp.png","contentUrl":"https:\/\/moveup.website\/web\/wp-content\/uploads\/2018\/01\/logo-mOveUp.png","width":235,"height":120,"caption":"mOveUp Labs Learning Hub"},"image":{"@id":"https:\/\/moveup.website\/web\/#\/schema\/logo\/image\/"},"sameAs":["https:\/\/www.facebook.com\/mOveUpLabsPeru","https:\/\/x.com\/mOveUpLabs","https:\/\/www.tiktok.com\/@moveup.labs"]}]}},"_links":{"self":[{"href":"https:\/\/moveup.website\/web\/wp-json\/wp\/v2\/pages\/14"}],"collection":[{"href":"https:\/\/moveup.website\/web\/wp-json\/wp\/v2\/pages"}],"about":[{"href":"https:\/\/moveup.website\/web\/wp-json\/wp\/v2\/types\/page"}],"author":[{"embeddable":true,"href":"https:\/\/moveup.website\/web\/wp-json\/wp\/v2\/users\/1"}],"replies":[{"embeddable":true,"href":"https:\/\/moveup.website\/web\/wp-json\/wp\/v2\/comments?post=14"}],"version-history":[{"count":86,"href":"https:\/\/moveup.website\/web\/wp-json\/wp\/v2\/pages\/14\/revisions"}],"predecessor-version":[{"id":1440,"href":"https:\/\/moveup.website\/web\/wp-json\/wp\/v2\/pages\/14\/revisions\/1440"}],"wp:attachment":[{"href":"https:\/\/moveup.website\/web\/wp-json\/wp\/v2\/media?parent=14"}],"curies":[{"name":"wp","href":"https:\/\/api.w.org\/{rel}","templated":true}]}}